{"id":534,"date":"2020-09-28T00:08:40","date_gmt":"2020-09-28T04:08:40","guid":{"rendered":"https:\/\/healthytogether.gov.bs\/?page_id=534"},"modified":"2020-10-07T06:38:03","modified_gmt":"2020-10-07T10:38:03","slug":"sitemap","status":"publish","type":"page","link":"https:\/\/healthytogether.gov.bs\/fr\/sitemap\/","title":{"rendered":"Plan du site"},"content":{"rendered":"<div data-elementor-type=\"wp-page\" data-elementor-id=\"534\" class=\"elementor elementor-534\" data-elementor-post-type=\"page\">\n\t\t\t\t\t\t<section class=\"elementor-section elementor-top-section elementor-element elementor-element-cf575d8 elementor-section-content-middle elementor-section-boxed elementor-section-height-default elementor-section-height-default\" data-id=\"cf575d8\" data-element_type=\"section\">\n\t\t\t\t\t\t<div class=\"elementor-container elementor-column-gap-no\">\n\t\t\t\t\t<div class=\"elementor-column elementor-col-100 elementor-top-column elementor-element elementor-element-190efdd9\" data-id=\"190efdd9\" data-element_type=\"column\">\n\t\t\t<div class=\"elementor-widget-wrap elementor-element-populated\">\n\t\t\t\t\t\t<div class=\"elementor-element elementor-element-6d3f719f elementor-widget elementor-widget-heading\" data-id=\"6d3f719f\" data-element_type=\"widget\" data-widget_type=\"heading.default\">\n\t\t\t\t<div class=\"elementor-widget-container\">\n\t\t\t\t\t<h4 class=\"elementor-heading-title elementor-size-default\">SiteMap<\/h4>\t\t\t\t<\/div>\n\t\t\t\t<\/div>\n\t\t\t\t<div class=\"elementor-element elementor-element-380195b9 elementor-widget elementor-widget-text-editor\" data-id=\"380195b9\" data-element_type=\"widget\" data-widget_type=\"text-editor.default\">\n\t\t\t\t<div class=\"elementor-widget-container\">\n\t\t\t\t\t\t\t\t\t<p>Explore our content below&#8230;<\/p>\t\t\t\t\t\t\t\t<\/div>\n\t\t\t\t<\/div>\n\t\t\t\t<div class=\"elementor-element elementor-element-1f26abf elementor-search-form--skin-classic elementor-search-form--button-type-icon elementor-search-form--icon-search elementor-widget elementor-widget-search-form\" data-id=\"1f26abf\" data-element_type=\"widget\" data-settings=\"{&quot;skin&quot;:&quot;classic&quot;}\" data-widget_type=\"search-form.default\">\n\t\t\t\t<div class=\"elementor-widget-container\">\n\t\t\t\t\t\t\t<search role=\"search\">\n\t\t\t<form class=\"elementor-search-form\" action=\"https:\/\/healthytogether.gov.bs\/fr\/\" method=\"get\" data-trp-original-action=\"https:\/\/healthytogether.gov.bs\/fr\/\">\n\t\t\t\t\t\t\t\t\t\t\t\t<div class=\"elementor-search-form__container\">\n\t\t\t\t\t<label class=\"elementor-screen-only\" for=\"elementor-search-form-1f26abf\">Rechercher <\/label>\n\n\t\t\t\t\t\n\t\t\t\t\t<input id=\"elementor-search-form-1f26abf\" placeholder=\"Chercher...\" class=\"elementor-search-form__input\" type=\"search\" name=\"s\" value=\"\">\n\t\t\t\t\t\n\t\t\t\t\t\t\t\t\t\t\t<button class=\"elementor-search-form__submit\" type=\"submit\" aria-label=\"Rechercher \">\n\t\t\t\t\t\t\t\t\t\t\t\t\t\t\t<i aria-hidden=\"true\" class=\"fas fa-search\"><\/i>\t\t\t\t\t\t\t\t<span class=\"elementor-screen-only\">Rechercher <\/span>\n\t\t\t\t\t\t\t\t\t\t\t\t\t<\/button>\n\t\t\t\t\t\n\t\t\t\t\t\t\t\t\t<\/div>\n\t\t\t<input type=\"hidden\" name=\"trp-form-language\" value=\"fr\"\/><\/form>\n\t\t<\/search>\n\t\t\t\t\t\t<\/div>\n\t\t\t\t<\/div>\n\t\t\t\t<div class=\"elementor-element elementor-element-78c51d4f elementor-align-center elementor-widget elementor-widget-button\" data-id=\"78c51d4f\" data-element_type=\"widget\" data-widget_type=\"button.default\">\n\t\t\t\t<div class=\"elementor-widget-container\">\n\t\t\t\t\t\t\t\t\t<div class=\"elementor-button-wrapper\">\n\t\t\t\t\t<a class=\"elementor-button elementor-button-link elementor-size-sm elementor-animation-grow\" href=\"https:\/\/healthytogether.gov.bs\/fr\/\">\n\t\t\t\t\t\t<span class=\"elementor-button-content-wrapper\">\n\t\t\t\t\t\t\t\t\t<span class=\"elementor-button-text\">Retour \u00e0 la page d&#039;accueil<\/span>\n\t\t\t\t\t<\/span>\n\t\t\t\t\t<\/a>\n\t\t\t\t<\/div>\n\t\t\t\t\t\t\t\t<\/div>\n\t\t\t\t<\/div>\n\t\t\t\t\t<\/div>\n\t\t<\/div>\n\t\t\t\t\t<\/div>\n\t\t<\/section>\n\t\t\t\t<section class=\"elementor-section elementor-top-section elementor-element elementor-element-241a9dc elementor-section-boxed elementor-section-height-default elementor-section-height-default\" data-id=\"241a9dc\" data-element_type=\"section\" data-settings=\"{&quot;background_background&quot;:&quot;classic&quot;}\">\n\t\t\t\t\t\t<div class=\"elementor-container elementor-column-gap-default\">\n\t\t\t\t\t<div class=\"elementor-column elementor-col-50 elementor-top-column elementor-element elementor-element-3c09f14\" data-id=\"3c09f14\" data-element_type=\"column\">\n\t\t\t<div class=\"elementor-widget-wrap elementor-element-populated\">\n\t\t\t\t\t\t<div class=\"elementor-element elementor-element-bfc7943 elementor-widget elementor-widget-sitemap\" data-id=\"bfc7943\" data-element_type=\"widget\" data-widget_type=\"sitemap.default\">\n\t\t\t\t<div class=\"elementor-widget-container\">\n\t\t\t\t\t<div class=\"elementor-sitemap-wrap\"><div class=\"elementor-sitemap-section\"><h2 class=\"elementor-sitemap-title elementor-sitemap-page-title\">Pages principales<\/h2><ul class=\"elementor-sitemap-list elementor-sitemap-page-list\"><li class=\"elementor-sitemap-item elementor-sitemap-item-page page_item page-item-536\"><a href=\"https:\/\/healthytogether.gov.bs\/fr\/contact-and-feedback\/\">Contact &#038; Feedback<\/a><\/li><li class=\"elementor-sitemap-item elementor-sitemap-item-page page_item page-item-534\"><a href=\"https:\/\/healthytogether.gov.bs\/fr\/sitemap\/\">Plan du site<\/a><\/li><li class=\"elementor-sitemap-item elementor-sitemap-item-page page_item page-item-20\"><a href=\"https:\/\/healthytogether.gov.bs\/fr\/travel-and-the-border\/\">Voyage et la fronti\u00e8re<\/a><\/li><li class=\"elementor-sitemap-item elementor-sitemap-item-page page_item page-item-22\"><a href=\"https:\/\/healthytogether.gov.bs\/fr\/community-health-and-wellbeing\/\">Communaut\u00e9, sant\u00e9 et bien-\u00eatre<\/a><ul class='children'><li class=\"elementor-sitemap-item elementor-sitemap-item-page page_item page-item-462\"><a href=\"https:\/\/healthytogether.gov.bs\/fr\/community-health-and-wellbeing\/people-at-risk-for-covid-19\/\">Personnes \u00e0 risque de COVID-19<\/a><\/li><li class=\"elementor-sitemap-item elementor-sitemap-item-page page_item page-item-447\"><a href=\"https:\/\/healthytogether.gov.bs\/fr\/community-health-and-wellbeing\/support-your-community\/\">Soutenez votre communaut\u00e9<\/a><\/li><li class=\"elementor-sitemap-item elementor-sitemap-item-page page_item page-item-442\"><a href=\"https:\/\/healthytogether.gov.bs\/fr\/community-health-and-wellbeing\/family-sexual-violence-prevention\/\">Pr\u00e9vention de la violence familiale et sexuelle<\/a><\/li><li class=\"elementor-sitemap-item elementor-sitemap-item-page page_item page-item-434\"><a href=\"https:\/\/healthytogether.gov.bs\/fr\/community-health-and-wellbeing\/mental-wellbeing\/\">Bien-\u00eatre mental<\/a><\/li><li class=\"elementor-sitemap-item elementor-sitemap-item-page page_item page-item-368\"><a href=\"https:\/\/healthytogether.gov.bs\/fr\/community-health-and-wellbeing\/how-to-access-healthcare\/\">Comment acc\u00e9der aux soins de sant\u00e9<\/a><\/li><li class=\"elementor-sitemap-item elementor-sitemap-item-page page_item page-item-376\"><a href=\"https:\/\/healthytogether.gov.bs\/fr\/community-health-and-wellbeing\/protect-yourself-and-others-from-covid-19\/\">Prot\u00e9gez-vous et les autres contre le COVID-19<\/a><\/li><li class=\"elementor-sitemap-item elementor-sitemap-item-page page_item page-item-434\"><a href=\"https:\/\/healthytogether.gov.bs\/fr\/community-health-and-wellbeing\/mental-wellbeing\/\">Bien-\u00eatre mental<\/a><\/li><li class=\"elementor-sitemap-item elementor-sitemap-item-page page_item page-item-442\"><a href=\"https:\/\/healthytogether.gov.bs\/fr\/community-health-and-wellbeing\/family-sexual-violence-prevention\/\">Pr\u00e9vention de la violence familiale et sexuelle<\/a><\/li><li class=\"elementor-sitemap-item elementor-sitemap-item-page page_item page-item-447\"><a href=\"https:\/\/healthytogether.gov.bs\/fr\/community-health-and-wellbeing\/support-your-community\/\">Soutenez votre communaut\u00e9<\/a><\/li><li class=\"elementor-sitemap-item elementor-sitemap-item-page page_item page-item-462\"><a href=\"https:\/\/healthytogether.gov.bs\/fr\/community-health-and-wellbeing\/people-at-risk-for-covid-19\/\">Personnes \u00e0 risque de COVID-19<\/a><\/li><\/ul><\/li><li class=\"elementor-sitemap-item elementor-sitemap-item-page page_item page-item-31\"><a href=\"https:\/\/healthytogether.gov.bs\/fr\/about-this-site\/\">\u00c0 propos de ce site<\/a><\/li><li class=\"elementor-sitemap-item elementor-sitemap-item-page page_item page-item-51\"><a href=\"https:\/\/healthytogether.gov.bs\/fr\/combatting-covid-19\/\">Combattre le COVID-19<\/a><ul class='children'><li class=\"elementor-sitemap-item elementor-sitemap-item-page page_item page-item-163\"><a href=\"https:\/\/healthytogether.gov.bs\/fr\/combatting-covid-19\/government-actions\/\">Actions gouvernementales<\/a><\/li><li class=\"elementor-sitemap-item elementor-sitemap-item-page page_item page-item-165\"><a href=\"https:\/\/healthytogether.gov.bs\/fr\/combatting-covid-19\/restrictions\/\">Restrictions<\/a><\/li><li class=\"elementor-sitemap-item elementor-sitemap-item-page page_item page-item-167\"><a href=\"https:\/\/healthytogether.gov.bs\/fr\/combatting-covid-19\/test-and-trace\/\">Test et trace<\/a><\/li><li class=\"elementor-sitemap-item elementor-sitemap-item-page page_item page-item-169\"><a href=\"https:\/\/healthytogether.gov.bs\/fr\/combatting-covid-19\/covid-19-contact-tracing\/\">Suivi des contacts COVID-19<\/a><\/li><li class=\"elementor-sitemap-item elementor-sitemap-item-page page_item page-item-171\"><a href=\"https:\/\/healthytogether.gov.bs\/fr\/combatting-covid-19\/covid-19-data\/\">Donn\u00e9es COVID-19<\/a><\/li><\/ul><\/li><li class=\"elementor-sitemap-item elementor-sitemap-item-page page_item page-item-534\"><a href=\"https:\/\/healthytogether.gov.bs\/fr\/sitemap\/\">Plan du site<\/a><\/li><li class=\"elementor-sitemap-item elementor-sitemap-item-page page_item page-item-536\"><a href=\"https:\/\/healthytogether.gov.bs\/fr\/contact-and-feedback\/\">Contact &#038; Feedback<\/a><\/li><\/ul><\/div><\/div>\t\t\t\t<\/div>\n\t\t\t\t<\/div>\n\t\t\t\t\t<\/div>\n\t\t<\/div>\n\t\t\t\t<div class=\"elementor-column elementor-col-50 elementor-top-column elementor-element elementor-element-645384f\" data-id=\"645384f\" data-element_type=\"column\">\n\t\t\t<div class=\"elementor-widget-wrap elementor-element-populated\">\n\t\t\t\t\t\t<div class=\"elementor-element elementor-element-5246271 elementor-widget elementor-widget-sitemap\" data-id=\"5246271\" data-element_type=\"widget\" data-widget_type=\"sitemap.default\">\n\t\t\t\t<div class=\"elementor-widget-container\">\n\t\t\t\t\t<div class=\"elementor-sitemap-wrap\"><div class=\"elementor-sitemap-section\"><h2 class=\"elementor-sitemap-title elementor-sitemap-category-title\">Cat\u00e9gories principales<\/h2><ul class=\"elementor-sitemap-list elementor-sitemap-category-list\">\t<li class=\"elementor-sitemap-item elementor-sitemap-item-category cat-item cat-item-25\"><a href=\"https:\/\/healthytogether.gov.bs\/fr\/category\/updates\/\">Updates<\/a>\n<\/li>\n\t<li class=\"elementor-sitemap-item elementor-sitemap-item-category cat-item cat-item-1\"><a href=\"https:\/\/healthytogether.gov.bs\/fr\/category\/resources\/\">Ressources<\/a>\n<\/li>\n\t<li class=\"elementor-sitemap-item elementor-sitemap-item-category cat-item cat-item-26\"><a href=\"https:\/\/healthytogether.gov.bs\/fr\/category\/latest\/\">Dernier<\/a>\n<\/li>\n<\/ul><\/div><\/div>\t\t\t\t<\/div>\n\t\t\t\t<\/div>\n\t\t\t\t<div class=\"elementor-element elementor-element-a9b2c8a elementor-widget elementor-widget-sitemap\" data-id=\"a9b2c8a\" data-element_type=\"widget\" data-widget_type=\"sitemap.default\">\n\t\t\t\t<div class=\"elementor-widget-container\">\n\t\t\t\t\t<div class=\"elementor-sitemap-wrap\"><div class=\"elementor-sitemap-section\"><h2 class=\"elementor-sitemap-title elementor-sitemap-post-title\">Tous les messages<\/h2><ul class=\"elementor-sitemap-list elementor-sitemap-post-list\"><li class=\"elementor-sitemap-item elementor-sitemap-item-post page_item page-item-514\"><a href=\"https:\/\/healthytogether.gov.bs\/fr\/travel-responsibly\/\">Voyage<\/a><\/li><li class=\"elementor-sitemap-item elementor-sitemap-item-post page_item page-item-521\"><a href=\"https:\/\/healthytogether.gov.bs\/fr\/fact-vs-myth\/\">Fait vs mythe<\/a><\/li><li class=\"elementor-sitemap-item elementor-sitemap-item-post page_item page-item-525\"><a href=\"https:\/\/healthytogether.gov.bs\/fr\/latest-on-covid\/\">Derni\u00e8res nouvelles sur Covid<\/a><\/li><li class=\"elementor-sitemap-item elementor-sitemap-item-post page_item page-item-1028\"><a href=\"https:\/\/healthytogether.gov.bs\/fr\/vaccination-schedule-feb-28-march-5\/\">Vaccination Schedule Feb 28 &#8211; March 5<\/a><\/li><li class=\"elementor-sitemap-item elementor-sitemap-item-post page_item page-item-1040\"><a href=\"https:\/\/healthytogether.gov.bs\/fr\/mid-term-budget-debate-contribution-to-the-hoa-march-17-2022\/\">MID TERM BUDGET DEBATE CONTRIBUTION TO THE HOA &#8211; MARCH 17, 2022<\/a><\/li><li class=\"elementor-sitemap-item elementor-sitemap-item-post page_item page-item-1057\"><a href=\"https:\/\/healthytogether.gov.bs\/fr\/covid-health-rules-amendment-april-2022\/\">COVID HEALTH RULES AMENDMENT &#8211; APRIL 2022<\/a><\/li><li class=\"elementor-sitemap-item elementor-sitemap-item-post page_item page-item-1071\"><a href=\"https:\/\/healthytogether.gov.bs\/fr\/vaccination-tracker\/\">Vaccination Tracker<\/a><\/li><li class=\"elementor-sitemap-item elementor-sitemap-item-post page_item page-item-91\"><a href=\"https:\/\/healthytogether.gov.bs\/fr\/posters-covid-resources\/\">Affiches (Ressources COVID-19)<\/a><\/li><li class=\"elementor-sitemap-item elementor-sitemap-item-post page_item page-item-504\"><a href=\"https:\/\/healthytogether.gov.bs\/fr\/videos-covid-resources\/\">Vid\u00e9os (Ressources COVID-19)<\/a><\/li><li class=\"elementor-sitemap-item elementor-sitemap-item-post page_item page-item-510\"><a href=\"https:\/\/healthytogether.gov.bs\/fr\/alert-levels-and-restrictions\/\">Niveaux d&#039;alerte et restrictions<\/a><\/li><li class=\"elementor-sitemap-item elementor-sitemap-item-post page_item page-item-523\"><a href=\"https:\/\/healthytogether.gov.bs\/fr\/follow-us\/\">Suivez nous!<\/a><\/li><li class=\"elementor-sitemap-item elementor-sitemap-item-post page_item page-item-929\"><a href=\"https:\/\/healthytogether.gov.bs\/fr\/fellowship-responsibly-downloadable-covid-19-resources\/\">Fellowship Responsably- (Ressources COVID-19 t\u00e9l\u00e9chargeables)<\/a><\/li><li class=\"elementor-sitemap-item elementor-sitemap-item-post page_item page-item-1078\"><a href=\"https:\/\/healthytogether.gov.bs\/fr\/vaccination-schedule-may-9-may-14\/\">Vaccination Schedule May 9 &#8211; May 14<\/a><\/li><\/ul><\/div><\/div>\t\t\t\t<\/div>\n\t\t\t\t<\/div>\n\t\t\t\t\t<\/div>\n\t\t<\/div>\n\t\t\t\t\t<\/div>\n\t\t<\/section>\n\t\t\t\t<\/div>","protected":false},"excerpt":{"rendered":"<p>SiteMap Explore our content below&#8230; Return to Home Page<\/p>","protected":false},"author":1,"featured_media":0,"parent":0,"menu_order":0,"comment_status":"closed","ping_status":"closed","template":"elementor_header_footer","meta":{"footnotes":""},"class_list":["post-534","page","type-page","status-publish","hentry"],"jetpack_sharing_enabled":true,"_links":{"self":[{"href":"https:\/\/healthytogether.gov.bs\/fr\/wp-json\/wp\/v2\/pages\/534","targetHints":{"allow":["GET"]}}],"collection":[{"href":"https:\/\/healthytogether.gov.bs\/fr\/wp-json\/wp\/v2\/pages"}],"about":[{"href":"https:\/\/healthytogether.gov.bs\/fr\/wp-json\/wp\/v2\/types\/page"}],"author":[{"embeddable":true,"href":"https:\/\/healthytogether.gov.bs\/fr\/wp-json\/wp\/v2\/users\/1"}],"replies":[{"embeddable":true,"href":"https:\/\/healthytogether.gov.bs\/fr\/wp-json\/wp\/v2\/comments?post=534"}],"version-history":[{"count":0,"href":"https:\/\/healthytogether.gov.bs\/fr\/wp-json\/wp\/v2\/pages\/534\/revisions"}],"wp:attachment":[{"href":"https:\/\/healthytogether.gov.bs\/fr\/wp-json\/wp\/v2\/media?parent=534"}],"curies":[{"name":"wp","href":"https:\/\/api.w.org\/{rel}","templated":true}]}}