{"id":447,"date":"2020-09-27T20:39:30","date_gmt":"2020-09-28T00:39:30","guid":{"rendered":"https:\/\/healthytogether.gov.bs\/?page_id=447"},"modified":"2020-11-17T03:46:36","modified_gmt":"2020-11-17T08:46:36","slug":"support-your-community","status":"publish","type":"page","link":"https:\/\/healthytogether.gov.bs\/fr\/community-health-and-wellbeing\/support-your-community\/","title":{"rendered":"Soutenez votre communaut\u00e9"},"content":{"rendered":"<div data-elementor-type=\"wp-page\" data-elementor-id=\"447\" class=\"elementor elementor-447\" data-elementor-post-type=\"page\">\n\t\t\t\t\t\t<div class=\"elementor-section elementor-top-section elementor-element elementor-element-2deb4e7c elementor-section-full_width elementor-section-height-default elementor-section-height-default\" data-id=\"2deb4e7c\" data-element_type=\"section\">\n\t\t\t\t\t\t<div class=\"elementor-container elementor-column-gap-default\">\n\t\t\t\t\t<div class=\"elementor-column elementor-col-50 elementor-top-column elementor-element elementor-element-485c95b4\" data-id=\"485c95b4\" data-element_type=\"column\" data-settings=\"{&quot;background_background&quot;:&quot;classic&quot;}\">\n\t\t\t<div class=\"elementor-widget-wrap elementor-element-populated\">\n\t\t\t\t\t\t<div class=\"elementor-element elementor-element-7e15fc4f elementor-widget elementor-widget-heading\" data-id=\"7e15fc4f\" data-element_type=\"widget\" data-widget_type=\"heading.default\">\n\t\t\t\t<div class=\"elementor-widget-container\">\n\t\t\t\t\t<h3 class=\"elementor-heading-title elementor-size-default\"><i class=\"fas fa-caret-right fa-lg mr-1\"><\/i> Soutenez votre communaut\u00e9<\/h3>\t\t\t\t<\/div>\n\t\t\t\t<\/div>\n\t\t\t\t<div class=\"elementor-element elementor-element-50a65938 elementor-widget elementor-widget-text-editor\" data-id=\"50a65938\" data-element_type=\"widget\" data-widget_type=\"text-editor.default\">\n\t\t\t\t<div class=\"elementor-widget-container\">\n\t\t\t\t\t\t\t\t\t<p>Favorisez un sentiment de bien-\u00eatre et de connectivit\u00e9 dans nos communaut\u00e9s et faites confiance aux services fournis.<\/p>\t\t\t\t\t\t\t\t<\/div>\n\t\t\t\t<\/div>\n\t\t\t\t\t<\/div>\n\t\t<\/div>\n\t\t\t\t<div class=\"elementor-column elementor-col-50 elementor-top-column elementor-element elementor-element-617eecc3\" data-id=\"617eecc3\" data-element_type=\"column\" data-settings=\"{&quot;background_background&quot;:&quot;classic&quot;}\">\n\t\t\t<div class=\"elementor-widget-wrap elementor-element-populated\">\n\t\t\t\t\t\t<div class=\"elementor-element elementor-element-69ca93d elementor-widget elementor-widget-heading\" data-id=\"69ca93d\" data-element_type=\"widget\" data-widget_type=\"heading.default\">\n\t\t\t\t<div class=\"elementor-widget-container\">\n\t\t\t\t\t<h4 class=\"elementor-heading-title elementor-size-default\">Sur cette page:<\/h4>\t\t\t\t<\/div>\n\t\t\t\t<\/div>\n\t\t\t\t<div class=\"elementor-element elementor-element-295a3945 elementor-list-item-link-inline elementor-align-left elementor-icon-list--layout-traditional elementor-widget elementor-widget-icon-list\" data-id=\"295a3945\" data-element_type=\"widget\" data-widget_type=\"icon-list.default\">\n\t\t\t\t<div class=\"elementor-widget-container\">\n\t\t\t\t\t\t\t<ul class=\"elementor-icon-list-items\">\n\t\t\t\t\t\t\t<li class=\"elementor-icon-list-item\">\n\t\t\t\t\t\t\t\t\t\t\t<a href=\"#pageSection-1\">\n\n\t\t\t\t\t\t\t\t\t\t\t\t<span class=\"elementor-icon-list-icon\">\n\t\t\t\t\t\t\t<i aria-hidden=\"true\" class=\"fas fa-caret-right\"><\/i>\t\t\t\t\t\t<\/span>\n\t\t\t\t\t\t\t\t\t\t<span class=\"elementor-icon-list-text\">#StrongCommunaut\u00e9s<\/span>\n\t\t\t\t\t\t\t\t\t\t\t<\/a>\n\t\t\t\t\t\t\t\t\t<\/li>\n\t\t\t\t\t\t\t\t<li class=\"elementor-icon-list-item\">\n\t\t\t\t\t\t\t\t\t\t\t<a href=\"#pageSection-2\">\n\n\t\t\t\t\t\t\t\t\t\t\t\t<span class=\"elementor-icon-list-icon\">\n\t\t\t\t\t\t\t<i aria-hidden=\"true\" class=\"fas fa-caret-right\"><\/i>\t\t\t\t\t\t<\/span>\n\t\t\t\t\t\t\t\t\t\t<span class=\"elementor-icon-list-text\">Encouragez le volontariat \u00e0 distance<\/span>\n\t\t\t\t\t\t\t\t\t\t\t<\/a>\n\t\t\t\t\t\t\t\t\t<\/li>\n\t\t\t\t\t\t<\/ul>\n\t\t\t\t\t\t<\/div>\n\t\t\t\t<\/div>\n\t\t\t\t\t<\/div>\n\t\t<\/div>\n\t\t\t\t\t<\/div>\n\t\t<\/div>\n\t\t\t\t<section class=\"elementor-section elementor-top-section elementor-element elementor-element-4b2209c elementor-section-boxed elementor-section-height-default elementor-section-height-default\" data-id=\"4b2209c\" data-element_type=\"section\" id=\"pageSection-1\">\n\t\t\t\t\t\t<div class=\"elementor-container elementor-column-gap-default\">\n\t\t\t\t\t<div class=\"elementor-column elementor-col-100 elementor-top-column elementor-element elementor-element-29a77860\" data-id=\"29a77860\" data-element_type=\"column\">\n\t\t\t<div class=\"elementor-widget-wrap elementor-element-populated\">\n\t\t\t\t\t\t<div class=\"elementor-element elementor-element-53e275f elementor-widget elementor-widget-heading\" data-id=\"53e275f\" data-element_type=\"widget\" data-widget_type=\"heading.default\">\n\t\t\t\t<div class=\"elementor-widget-container\">\n\t\t\t\t\t<h3 class=\"elementor-heading-title elementor-size-default\">#StrongCommunaut\u00e9s<\/h3>\t\t\t\t<\/div>\n\t\t\t\t<\/div>\n\t\t\t\t<div class=\"elementor-element elementor-element-7426e10b elementor-widget elementor-widget-text-editor\" data-id=\"7426e10b\" data-element_type=\"widget\" data-widget_type=\"text-editor.default\">\n\t\t\t\t<div class=\"elementor-widget-container\">\n\t\t\t\t\t\t\t\t\t<p><strong>Gardez les communaut\u00e9s saines et s\u00fbres<\/strong><\/p>\t\t\t\t\t\t\t\t<\/div>\n\t\t\t\t<\/div>\n\t\t\t\t<div class=\"elementor-element elementor-element-6995795 elementor-widget elementor-widget-text-editor\" data-id=\"6995795\" data-element_type=\"widget\" data-widget_type=\"text-editor.default\">\n\t\t\t\t<div class=\"elementor-widget-container\">\n\t\t\t\t\t\t\t\t\t<p>Garder tous les membres de nos communaut\u00e9s en bonne sant\u00e9 et en s\u00e9curit\u00e9 implique de suivre les directives recommand\u00e9es par l&#039;autorit\u00e9 comp\u00e9tente et les responsables de la sant\u00e9, notamment:<\/p><ul><li>Practising social distancing \u2013 standing at least six feet apart from others<\/li><li>Porter un masque ou un masque couvrant \u00e0 la fois votre nez et votre bouche<\/li><li>Always coughing or sneezing into a paper napkin or your elbow (when a disposable napkin isn\u2019t available)<\/li><li>Se laver les mains fr\u00e9quemment et utiliser un d\u00e9sinfectant pour les mains<\/li><\/ul>\t\t\t\t\t\t\t\t<\/div>\n\t\t\t\t<\/div>\n\t\t\t\t<div class=\"elementor-element elementor-element-3603966 elementor-widget elementor-widget-text-editor\" data-id=\"3603966\" data-element_type=\"widget\" data-widget_type=\"text-editor.default\">\n\t\t\t\t<div class=\"elementor-widget-container\">\n\t\t\t\t\t\t\t\t\t<p><strong>Renseignez-vous aupr\u00e8s des plus vuln\u00e9rables de votre communaut\u00e9<\/strong><\/p>\t\t\t\t\t\t\t\t<\/div>\n\t\t\t\t<\/div>\n\t\t\t\t<div class=\"elementor-element elementor-element-f438c5d elementor-widget elementor-widget-text-editor\" data-id=\"f438c5d\" data-element_type=\"widget\" data-widget_type=\"text-editor.default\">\n\t\t\t\t<div class=\"elementor-widget-container\">\n\t\t\t\t\t\t\t\t\t<p>Soyez conscient de ceux qui sont les plus vuln\u00e9rables dans votre communaut\u00e9 et prenez des dispositions pour eux. Les personnes les plus vuln\u00e9rables comprennent:<\/p><ul><li>Les personnes \u00e2g\u00e9es<\/li><li>Ceux qui ont des conditions pr\u00e9existantes ou un syst\u00e8me immunitaire affaibli<\/li><li>Enfants<\/li><li>Familles avec des ressources minimales<\/li><li>Personnes handicap\u00e9es<\/li><\/ul>\t\t\t\t\t\t\t\t<\/div>\n\t\t\t\t<\/div>\n\t\t\t\t<div class=\"elementor-element elementor-element-3f31994 elementor-widget elementor-widget-text-editor\" data-id=\"3f31994\" data-element_type=\"widget\" data-widget_type=\"text-editor.default\">\n\t\t\t\t<div class=\"elementor-widget-container\">\n\t\t\t\t\t\t\t\t\t<p>Les communaut\u00e9s peuvent se rassembler pour s&#039;assurer que ces personnes re\u00e7oivent les ressources n\u00e9cessaires, telles que la nourriture et les m\u00e9dicaments, et savent au moins comment acc\u00e9der aux services dont elles ont besoin. Avoir au moins un m\u00e9nage dans le quartier pour v\u00e9rifier ces personnes peut \u00eatre d&#039;une grande aide.<\/p>\t\t\t\t\t\t\t\t<\/div>\n\t\t\t\t<\/div>\n\t\t\t\t\t<\/div>\n\t\t<\/div>\n\t\t\t\t\t<\/div>\n\t\t<\/section>\n\t\t\t\t<section class=\"elementor-section elementor-top-section elementor-element elementor-element-f5ab523 elementor-section-boxed elementor-section-height-default elementor-section-height-default\" data-id=\"f5ab523\" data-element_type=\"section\" id=\"pageSection-2\" data-settings=\"{&quot;background_background&quot;:&quot;classic&quot;}\">\n\t\t\t\t\t\t<div class=\"elementor-container elementor-column-gap-default\">\n\t\t\t\t\t<div class=\"elementor-column elementor-col-100 elementor-top-column elementor-element elementor-element-569f25ae\" data-id=\"569f25ae\" data-element_type=\"column\">\n\t\t\t<div class=\"elementor-widget-wrap elementor-element-populated\">\n\t\t\t\t\t\t<div class=\"elementor-element elementor-element-38659ff2 elementor-widget elementor-widget-heading\" data-id=\"38659ff2\" data-element_type=\"widget\" data-widget_type=\"heading.default\">\n\t\t\t\t<div class=\"elementor-widget-container\">\n\t\t\t\t\t<h3 class=\"elementor-heading-title elementor-size-default\">Encouragez le b\u00e9n\u00e9volat \u00e0 distance <\/h3>\t\t\t\t<\/div>\n\t\t\t\t<\/div>\n\t\t\t\t<div class=\"elementor-element elementor-element-5e02f850 elementor-widget elementor-widget-text-editor\" data-id=\"5e02f850\" data-element_type=\"widget\" data-widget_type=\"text-editor.default\">\n\t\t\t\t<div class=\"elementor-widget-container\">\n\t\t\t\t\t\t\t\t\t<p>Pendant les p\u00e9riodes de confinement et d&#039;isolement, de nombreuses personnes ont stock\u00e9 des quantit\u00e9s d&#039;\u00e9nergie qui seraient autrement d\u00e9pens\u00e9es pendant le travail ou les activit\u00e9s r\u00e9guli\u00e8res. Le volontariat est un excellent moyen d&#039;expulser de l&#039;\u00e9nergie refoul\u00e9e, de r\u00e9duire le stress, de combattre l&#039;ennui et de procurer un sentiment de but et de bien-\u00eatre. Cela aide \u00e9galement \u00e0 favoriser la communication et la connexion avec les autres. Les moyens s\u00fbrs de faire du b\u00e9n\u00e9volat pendant la pand\u00e9mie sont les suivants:<\/p>\t\t\t\t\t\t\t\t<\/div>\n\t\t\t\t<\/div>\n\t\t\t\t<div class=\"elementor-element elementor-element-eb80dab elementor-widget elementor-widget-text-editor\" data-id=\"eb80dab\" data-element_type=\"widget\" data-widget_type=\"text-editor.default\">\n\t\t\t\t<div class=\"elementor-widget-container\">\n\t\t\t\t\t\t\t\t\t<ul><li>Creating a \u201cphone tree\u201d to check in on your neighbours.<\/li><li>Connectez-vous virtuellement avec les autres pour discuter des probl\u00e8mes de la communaut\u00e9 et des tactiques de r\u00e9solution de probl\u00e8mes. \u00c9laborez un plan d&#039;action communautaire, si possible. Chaque communaut\u00e9 a ses propres d\u00e9fis uniques qui ne peuvent \u00eatre pleinement connus que par les membres de ces communaut\u00e9s. En \u00e9tablissant des liens avec d&#039;autres personnes au sein de votre communaut\u00e9, vous pouvez proposer des moyens cr\u00e9atifs de r\u00e9soudre certains des probl\u00e8mes qui surviennent au cours de cette pand\u00e9mie.<\/li><li>Utilisez et renforcez les groupes d\u00e9j\u00e0 r\u00e9put\u00e9s et de confiance au sein de votre communaut\u00e9. Il s&#039;agit notamment des groupes religieux, des jeunes et des organisations civiques.<\/li><\/ul>\t\t\t\t\t\t\t\t<\/div>\n\t\t\t\t<\/div>\n\t\t\t\t<div class=\"elementor-element elementor-element-febeb4e elementor-widget elementor-widget-text-editor\" data-id=\"febeb4e\" data-element_type=\"widget\" data-widget_type=\"text-editor.default\">\n\t\t\t\t<div class=\"elementor-widget-container\">\n\t\t\t\t\t\t\t\t\t<p><strong>Opportunit\u00e9s de soutien<\/strong><\/p>\t\t\t\t\t\t\t\t<\/div>\n\t\t\t\t<\/div>\n\t\t\t\t<div class=\"elementor-element elementor-element-7b8eac1 elementor-widget elementor-widget-text-editor\" data-id=\"7b8eac1\" data-element_type=\"widget\" data-widget_type=\"text-editor.default\">\n\t\t\t\t<div class=\"elementor-widget-container\">\n\t\t\t\t\t\t\t\t\t<p>Soutenez les plus d\u00e9munis en faisant un don aux organisations suivantes:<\/p><ul><li>La Croix-Rouge des Bahamas (<a href=\"https:\/\/bahamasredcross.org\/volunteer\">https:\/\/bahamasredcross.org\/volunteer<\/a>)<\/li><li>Donner un coup de main (<a href=\"https:\/\/www.lendahandbahamas.org\">https:\/\/www.lendahandbahamas.org<\/a>)<\/li><li>Mains contre la faim (<a href=\"https:\/\/handsforhunger.org\/volunteer\/individuals\">https:\/\/handsforhunger.org\/volunteer\/individuals<\/a>)<\/li><li>L&#039;Arm\u00e9e du Salut Bahamas (<a href=\"https:\/\/salvationarmybahamas.org\/service\/volunteer\">https:\/\/salvationarmybahamas.org\/service\/volunteer<\/a>)<\/li><\/ul>\t\t\t\t\t\t\t\t<\/div>\n\t\t\t\t<\/div>\n\t\t\t\t<div class=\"elementor-element elementor-element-8c955f4 elementor-widget elementor-widget-text-editor\" data-id=\"8c955f4\" data-element_type=\"widget\" data-widget_type=\"text-editor.default\">\n\t\t\t\t<div class=\"elementor-widget-container\">\n\t\t\t\t\t\t\t\t\t<p><strong>\u00c9tablissez des relations avec vos voisins<\/strong><\/p>\t\t\t\t\t\t\t\t<\/div>\n\t\t\t\t<\/div>\n\t\t\t\t<div class=\"elementor-element elementor-element-4e1d6eb elementor-widget elementor-widget-text-editor\" data-id=\"4e1d6eb\" data-element_type=\"widget\" data-widget_type=\"text-editor.default\">\n\t\t\t\t<div class=\"elementor-widget-container\">\n\t\t\t\t\t\t\t\t\t<p>Lorsque vous vous connectez avec vos voisins, n&#039;oubliez pas de vous \u00e9loigner constamment et de suivre les directives ci-dessus pour interagir en toute s\u00e9curit\u00e9 avec les autres.<\/p>\t\t\t\t\t\t\t\t<\/div>\n\t\t\t\t<\/div>\n\t\t\t\t\t<\/div>\n\t\t<\/div>\n\t\t\t\t\t<\/div>\n\t\t<\/section>\n\t\t\t\t<\/div>","protected":false},"excerpt":{"rendered":"<p>Support Your Community Foster a sense of wellbeing and connectivity in our communities and trust in the services that are provided.","protected":false},"author":1,"featured_media":0,"parent":22,"menu_order":0,"comment_status":"closed","ping_status":"closed","template":"elementor_header_footer","meta":{"footnotes":""},"class_list":["post-447","page","type-page","status-publish","hentry"],"jetpack_sharing_enabled":true,"_links":{"self":[{"href":"https:\/\/healthytogether.gov.bs\/fr\/wp-json\/wp\/v2\/pages\/447","targetHints":{"allow":["GET"]}}],"collection":[{"href":"https:\/\/healthytogether.gov.bs\/fr\/wp-json\/wp\/v2\/pages"}],"about":[{"href":"https:\/\/healthytogether.gov.bs\/fr\/wp-json\/wp\/v2\/types\/page"}],"author":[{"embeddable":true,"href":"https:\/\/healthytogether.gov.bs\/fr\/wp-json\/wp\/v2\/users\/1"}],"replies":[{"embeddable":true,"href":"https:\/\/healthytogether.gov.bs\/fr\/wp-json\/wp\/v2\/comments?post=447"}],"version-history":[{"count":0,"href":"https:\/\/healthytogether.gov.bs\/fr\/wp-json\/wp\/v2\/pages\/447\/revisions"}],"up":[{"embeddable":true,"href":"https:\/\/healthytogether.gov.bs\/fr\/wp-json\/wp\/v2\/pages\/22"}],"wp:attachment":[{"href":"https:\/\/healthytogether.gov.bs\/fr\/wp-json\/wp\/v2\/media?parent=447"}],"curies":[{"name":"wp","href":"https:\/\/api.w.org\/{rel}","templated":true}]}}