{"id":368,"date":"2020-09-16T18:00:27","date_gmt":"2020-09-16T22:00:27","guid":{"rendered":"https:\/\/healthytogether.gov.bs\/?page_id=368"},"modified":"2020-11-28T11:22:50","modified_gmt":"2020-11-28T16:22:50","slug":"how-to-access-healthcare","status":"publish","type":"page","link":"https:\/\/healthytogether.gov.bs\/fr\/community-health-and-wellbeing\/how-to-access-healthcare\/","title":{"rendered":"Comment acc\u00e9der aux soins de sant\u00e9"},"content":{"rendered":"<div data-elementor-type=\"wp-page\" data-elementor-id=\"368\" class=\"elementor elementor-368\" data-elementor-post-type=\"page\">\n\t\t\t\t\t\t<div class=\"elementor-section elementor-top-section elementor-element elementor-element-72dbc3a7 elementor-section-full_width elementor-section-height-default elementor-section-height-default\" data-id=\"72dbc3a7\" data-element_type=\"section\">\n\t\t\t\t\t\t<div class=\"elementor-container elementor-column-gap-default\">\n\t\t\t\t\t<div class=\"elementor-column elementor-col-50 elementor-top-column elementor-element elementor-element-62040b83\" data-id=\"62040b83\" data-element_type=\"column\" data-settings=\"{&quot;background_background&quot;:&quot;classic&quot;}\">\n\t\t\t<div class=\"elementor-widget-wrap elementor-element-populated\">\n\t\t\t\t\t\t<div class=\"elementor-element elementor-element-3d8ad3e9 elementor-widget elementor-widget-heading\" data-id=\"3d8ad3e9\" data-element_type=\"widget\" data-widget_type=\"heading.default\">\n\t\t\t\t<div class=\"elementor-widget-container\">\n\t\t\t\t\t<h3 class=\"elementor-heading-title elementor-size-default\"><i class=\"fas fa-caret-right fa-lg mr-1\"><\/i> Comment acc\u00e9der aux soins de sant\u00e9 <\/h3>\t\t\t\t<\/div>\n\t\t\t\t<\/div>\n\t\t\t\t<div class=\"elementor-element elementor-element-7c28ea9b elementor-widget elementor-widget-text-editor\" data-id=\"7c28ea9b\" data-element_type=\"widget\" data-widget_type=\"text-editor.default\">\n\t\t\t\t<div class=\"elementor-widget-container\">\n\t\t\t\t\t\t\t\t\t<p>Sur les \u00eeles des Bahamas, le gouvernement fournit un large \u00e9ventail de services de sant\u00e9 aux membres du public bahamien et non baham\u00e9en. En savoir plus sur les \u00e9tablissements de sant\u00e9 et les soins m\u00e9dicaux d&#039;urgence <strong><a href=\"https:\/\/www.bahamas.gov.bs\/wps\/portal\/public\/Healthcare%20Facilities\/!ut\/p\/b1\/vZbZsqJIFEW_pT_AIjOZH5lkRkRA8YVAERlkRoX8-raiq6PjRnXdGx1RLfkE7BOLvTkngTgSB-LYJI_imkxF2yS37-dHJibVjb2VKM7mGIoHOvQdXVZcUiUhsScOWoRFudWfihDGc3B3cRi1rcc40kGfm_u6QHdgJoywRW7JhxXj18czx5iaZph3G0gNvsjJA9GmUhWlXIdjsbqk-zp7LNhvswBMqyrXeK_PVB1wo2-NS2XzexdKVROlQNVMBU_JquxpQQs2OupYeQ9jPUz7vbfF7ZDUbe7c-KHkxJ7Xi5eh6GUI_OIQwF9-gWoLwsvvBvnf_UqQMQMacDLzo_4Twcd6E5Gv2xZpOZwEd4j9qp76r_U_Cb58X8ePCJUGDNAD1xJcVkMbCvwQfBbR5yFRXwkYInoJ2F8LWMInDoCKd-XS6bjCXom3wPZD3fEjDHHwHCu8d3yFdKYE-nIEwSl42sEIbGyTE_YcP9XcNPQCUZBd-brcPwfuLOq9QM5n3g0k3wwkwbuB6N1A-s1A491dSv7-OTSIY3Gqvz3P9TfwjQYQIhJyNCJZhkVEaJyvtNQKT0WRvRHmNgPmyaQKBynRqdgdW12cZt3V0Gk6xK64pbTzMgtby9ykaZ1mwV5bizPseMHeButO8qxHr6uoNRrWa5rTsy8FcVBP9S0WseFWfMadWx4NTHsy-uMBC3_8QThaW1--SEX8t86efey5oy-asILGrhpe1tf2btpA3wqe0A9mp-pe16lXeqLjpKe_U5lCOxa_2p2Y9wI5Eb4byP7vwI_fSZV8M5D7_U3zYZR4noeQpgEFWMgDmnnNUrSwcmsIa2UX53sjYacdMuqu3JnLNi8ktgrIyFtJ6nziyXk_bBrlpu6b26a_V8q1bBo0QM4NIpdtqI1JF_tEETBjStnRVmZxCMXOn64hasQL6XaY5Nx7Z1ijO_hOLCQTtHjbJ0emWvJz8cB3pl-ldz57Pl8z9uG5OZ5EPM0CjuIgDQEkwjJieHl8_U3qTpZfQvVSXrCe-JKg6tMhFaAc9FUsVXz9sFBu6YvtNCvXKSPqjPROBNtAqm9j5DxC1xMKMs2FqqXLSiglbhySnRBeV9crMvlauSyCNWUoe-SLvh6huIAsE3RmHm7qA0YNDhib6p-ktXsMwzpPjViKZRC4AdYZONvdsV4feL-i-tlo-NxFxTkcT4dcYTXq3h4f7gpnXOyFCdHVD9M0LcZTMufnRSWrf9bp-yb0J7OCjCo!\/dl4\/d5\/L2dBISEvZ0FBIS9nQSEh\/\">Ici<\/a><\/strong>.<\/p>\t\t\t\t\t\t\t\t<\/div>\n\t\t\t\t<\/div>\n\t\t\t\t\t<\/div>\n\t\t<\/div>\n\t\t\t\t<div class=\"elementor-column elementor-col-50 elementor-top-column elementor-element elementor-element-27960987\" data-id=\"27960987\" data-element_type=\"column\" data-settings=\"{&quot;background_background&quot;:&quot;classic&quot;}\">\n\t\t\t<div class=\"elementor-widget-wrap elementor-element-populated\">\n\t\t\t\t\t\t<div class=\"elementor-element elementor-element-c1c33b elementor-widget elementor-widget-heading\" data-id=\"c1c33b\" data-element_type=\"widget\" data-widget_type=\"heading.default\">\n\t\t\t\t<div class=\"elementor-widget-container\">\n\t\t\t\t\t<h4 class=\"elementor-heading-title elementor-size-default\">Sur cette page:<\/h4>\t\t\t\t<\/div>\n\t\t\t\t<\/div>\n\t\t\t\t<div class=\"elementor-element elementor-element-326b4611 elementor-list-item-link-inline elementor-align-left elementor-icon-list--layout-traditional elementor-widget elementor-widget-icon-list\" data-id=\"326b4611\" data-element_type=\"widget\" data-widget_type=\"icon-list.default\">\n\t\t\t\t<div class=\"elementor-widget-container\">\n\t\t\t\t\t\t\t<ul class=\"elementor-icon-list-items\">\n\t\t\t\t\t\t\t<li class=\"elementor-icon-list-item\">\n\t\t\t\t\t\t\t\t\t\t\t<a href=\"#pageSection-1\">\n\n\t\t\t\t\t\t\t\t\t\t\t\t<span class=\"elementor-icon-list-icon\">\n\t\t\t\t\t\t\t<i aria-hidden=\"true\" class=\"fas fa-caret-right\"><\/i>\t\t\t\t\t\t<\/span>\n\t\t\t\t\t\t\t\t\t\t<span class=\"elementor-icon-list-text\">Contacts d&#039;urgence<\/span>\n\t\t\t\t\t\t\t\t\t\t\t<\/a>\n\t\t\t\t\t\t\t\t\t<\/li>\n\t\t\t\t\t\t\t\t<li class=\"elementor-icon-list-item\">\n\t\t\t\t\t\t\t\t\t\t\t<a href=\"#pageSection-2\">\n\n\t\t\t\t\t\t\t\t\t\t\t\t<span class=\"elementor-icon-list-icon\">\n\t\t\t\t\t\t\t<i aria-hidden=\"true\" class=\"fas fa-caret-right\"><\/i>\t\t\t\t\t\t<\/span>\n\t\t\t\t\t\t\t\t\t\t<span class=\"elementor-icon-list-text\">Services de sant\u00e9<\/span>\n\t\t\t\t\t\t\t\t\t\t\t<\/a>\n\t\t\t\t\t\t\t\t\t<\/li>\n\t\t\t\t\t\t<\/ul>\n\t\t\t\t\t\t<\/div>\n\t\t\t\t<\/div>\n\t\t\t\t\t<\/div>\n\t\t<\/div>\n\t\t\t\t\t<\/div>\n\t\t<\/div>\n\t\t\t\t<section class=\"elementor-section elementor-top-section elementor-element elementor-element-57b68458 elementor-section-boxed elementor-section-height-default elementor-section-height-default\" data-id=\"57b68458\" data-element_type=\"section\" id=\"pageSection-1\">\n\t\t\t\t\t\t<div class=\"elementor-container elementor-column-gap-default\">\n\t\t\t\t\t<div class=\"elementor-column elementor-col-100 elementor-top-column elementor-element elementor-element-23386780\" data-id=\"23386780\" data-element_type=\"column\">\n\t\t\t<div class=\"elementor-widget-wrap elementor-element-populated\">\n\t\t\t\t\t\t<div class=\"elementor-element elementor-element-69cab3d2 elementor-widget elementor-widget-heading\" data-id=\"69cab3d2\" data-element_type=\"widget\" data-widget_type=\"heading.default\">\n\t\t\t\t<div class=\"elementor-widget-container\">\n\t\t\t\t\t<h3 class=\"elementor-heading-title elementor-size-default\">Contacts d&#039;urgence<\/h3>\t\t\t\t<\/div>\n\t\t\t\t<\/div>\n\t\t\t\t<div class=\"elementor-element elementor-element-1a1099bc elementor-widget elementor-widget-text-editor\" data-id=\"1a1099bc\" data-element_type=\"widget\" data-widget_type=\"text-editor.default\">\n\t\t\t\t<div class=\"elementor-widget-container\">\n\t\t\t\t\t\t\t\t\t<p><strong>Si vous avez une urgence m\u00e9dicale, appelez le 919.<\/strong><\/p>\t\t\t\t\t\t\t\t<\/div>\n\t\t\t\t<\/div>\n\t\t\t\t<div class=\"elementor-element elementor-element-3d8ad0f1 elementor-widget elementor-widget-text-editor\" data-id=\"3d8ad0f1\" data-element_type=\"widget\" data-widget_type=\"text-editor.default\">\n\t\t\t\t<div class=\"elementor-widget-container\">\n\t\t\t\t\t\t\t\t\t<p>Si vous pensez avoir le COVID-19, contactez votre m\u00e9decin ou appelez la hotline COVID-19 au:<\/p><ul><li>511<\/li><\/ul><p>Pour signaler de mani\u00e8re anonyme tout rassemblement social interdit, appelez:\u00a0<\/p><ul><li>702-9967 THRU 9<\/li><li>702-9970 THRU 2<\/li><\/ul>\t\t\t\t\t\t\t\t<\/div>\n\t\t\t\t<\/div>\n\t\t\t\t\t<\/div>\n\t\t<\/div>\n\t\t\t\t\t<\/div>\n\t\t<\/section>\n\t\t\t\t<section class=\"elementor-section elementor-top-section elementor-element elementor-element-459a40d6 elementor-section-boxed elementor-section-height-default elementor-section-height-default\" data-id=\"459a40d6\" data-element_type=\"section\" id=\"pageSection-2\" data-settings=\"{&quot;background_background&quot;:&quot;classic&quot;}\">\n\t\t\t\t\t\t<div class=\"elementor-container elementor-column-gap-default\">\n\t\t\t\t\t<div class=\"elementor-column elementor-col-100 elementor-top-column elementor-element elementor-element-3207d7f3\" data-id=\"3207d7f3\" data-element_type=\"column\">\n\t\t\t<div class=\"elementor-widget-wrap elementor-element-populated\">\n\t\t\t\t\t\t<div class=\"elementor-element elementor-element-4f252ddb elementor-widget elementor-widget-heading\" data-id=\"4f252ddb\" data-element_type=\"widget\" data-widget_type=\"heading.default\">\n\t\t\t\t<div class=\"elementor-widget-container\">\n\t\t\t\t\t<h3 class=\"elementor-heading-title elementor-size-default\">Health Services<\/h3>\t\t\t\t<\/div>\n\t\t\t\t<\/div>\n\t\t\t\t<div class=\"elementor-element elementor-element-676c084c elementor-widget elementor-widget-text-editor\" data-id=\"676c084c\" data-element_type=\"widget\" data-widget_type=\"text-editor.default\">\n\t\t\t\t<div class=\"elementor-widget-container\">\n\t\t\t\t\t\t\t\t\t<p>Hospitals and public health facilities are exempt from any curfew and are open for all emergency and outpatient care.<\/p>\t\t\t\t\t\t\t\t<\/div>\n\t\t\t\t<\/div>\n\t\t\t\t<div class=\"elementor-element elementor-element-55c74146 elementor-widget elementor-widget-text-editor\" data-id=\"55c74146\" data-element_type=\"widget\" data-widget_type=\"text-editor.default\">\n\t\t\t\t<div class=\"elementor-widget-container\">\n\t\t\t\t\t\t\t\t\t<p>Private medical facilities (Emergency Care, Immunisation, Neonatal and Prenatal, Dialysis, Chemotherapy and other cancer treatments, Tele-medicine) are allowed to operate Monday &#8211; Friday 9 am -5 pm for emergencies only.<\/p>\t\t\t\t\t\t\t\t<\/div>\n\t\t\t\t<\/div>\n\t\t\t\t<div class=\"elementor-element elementor-element-8a9e536 elementor-widget elementor-widget-text-editor\" data-id=\"8a9e536\" data-element_type=\"widget\" data-widget_type=\"text-editor.default\">\n\t\t\t\t<div class=\"elementor-widget-container\">\n\t\t\t\t\t\t\t\t\t<p>Dental facilities (emergency care only)<\/p>\t\t\t\t\t\t\t\t<\/div>\n\t\t\t\t<\/div>\n\t\t\t\t<div class=\"elementor-element elementor-element-4a5d868 elementor-widget elementor-widget-text-editor\" data-id=\"4a5d868\" data-element_type=\"widget\" data-widget_type=\"text-editor.default\">\n\t\t\t\t<div class=\"elementor-widget-container\">\n\t\t\t\t\t\t\t\t\t<p>Visit <a href=\"https:\/\/opm.gov.bs\/covid19\/\">https:\/\/opm.gov.bs\/covid19\/<\/a> for more information. <\/p>\t\t\t\t\t\t\t\t<\/div>\n\t\t\t\t<\/div>\n\t\t\t\t\t<\/div>\n\t\t<\/div>\n\t\t\t\t\t<\/div>\n\t\t<\/section>\n\t\t\t\t<\/div>","protected":false},"excerpt":{"rendered":"<p>How to Access Healthcare On the islands of The Bahamas, the government provides a wide range of healthcare services to both Bahamian and non-Bahamian members of the public. Learn more aboure healthcare facilities and emergency medical care here. On This Page: Emergency contacts Health services Emergency contacts If you have a medical emergency, call 919.","protected":false},"author":1,"featured_media":0,"parent":22,"menu_order":0,"comment_status":"closed","ping_status":"closed","template":"elementor_header_footer","meta":{"footnotes":""},"class_list":["post-368","page","type-page","status-publish","hentry"],"jetpack_sharing_enabled":true,"_links":{"self":[{"href":"https:\/\/healthytogether.gov.bs\/fr\/wp-json\/wp\/v2\/pages\/368","targetHints":{"allow":["GET"]}}],"collection":[{"href":"https:\/\/healthytogether.gov.bs\/fr\/wp-json\/wp\/v2\/pages"}],"about":[{"href":"https:\/\/healthytogether.gov.bs\/fr\/wp-json\/wp\/v2\/types\/page"}],"author":[{"embeddable":true,"href":"https:\/\/healthytogether.gov.bs\/fr\/wp-json\/wp\/v2\/users\/1"}],"replies":[{"embeddable":true,"href":"https:\/\/healthytogether.gov.bs\/fr\/wp-json\/wp\/v2\/comments?post=368"}],"version-history":[{"count":0,"href":"https:\/\/healthytogether.gov.bs\/fr\/wp-json\/wp\/v2\/pages\/368\/revisions"}],"up":[{"embeddable":true,"href":"https:\/\/healthytogether.gov.bs\/fr\/wp-json\/wp\/v2\/pages\/22"}],"wp:attachment":[{"href":"https:\/\/healthytogether.gov.bs\/fr\/wp-json\/wp\/v2\/media?parent=368"}],"curies":[{"name":"wp","href":"https:\/\/api.w.org\/{rel}","templated":true}]}}