{"id":171,"date":"2020-09-16T09:14:42","date_gmt":"2020-09-16T13:14:42","guid":{"rendered":"https:\/\/healthytogether.gov.bs\/?page_id=171"},"modified":"2020-11-28T11:02:38","modified_gmt":"2020-11-28T16:02:38","slug":"covid-19-data","status":"publish","type":"page","link":"https:\/\/healthytogether.gov.bs\/fr\/combatting-covid-19\/covid-19-data\/","title":{"rendered":"Donn\u00e9es COVID-19"},"content":{"rendered":"<div data-elementor-type=\"wp-page\" data-elementor-id=\"171\" class=\"elementor elementor-171\" data-elementor-post-type=\"page\">\n\t\t\t\t\t\t<div class=\"elementor-section elementor-top-section elementor-element elementor-element-377b123 elementor-section-full_width elementor-section-height-default elementor-section-height-default\" data-id=\"377b123\" data-element_type=\"section\">\n\t\t\t\t\t\t<div class=\"elementor-container elementor-column-gap-default\">\n\t\t\t\t\t<div class=\"elementor-column elementor-col-50 elementor-top-column elementor-element elementor-element-269e667b\" data-id=\"269e667b\" data-element_type=\"column\" data-settings=\"{&quot;background_background&quot;:&quot;classic&quot;}\">\n\t\t\t<div class=\"elementor-widget-wrap elementor-element-populated\">\n\t\t\t\t\t\t<div class=\"elementor-element elementor-element-78a5922a elementor-widget elementor-widget-heading\" data-id=\"78a5922a\" data-element_type=\"widget\" data-widget_type=\"heading.default\">\n\t\t\t\t<div class=\"elementor-widget-container\">\n\t\t\t\t\t<h3 class=\"elementor-heading-title elementor-size-default\"><i class=\"fas fa-caret-right fa-lg mr-1\"><\/i> Donn\u00e9es COVID-19<\/h3>\t\t\t\t<\/div>\n\t\t\t\t<\/div>\n\t\t\t\t<div class=\"elementor-element elementor-element-533d0f2b elementor-widget elementor-widget-text-editor\" data-id=\"533d0f2b\" data-element_type=\"widget\" data-widget_type=\"text-editor.default\">\n\t\t\t\t<div class=\"elementor-widget-container\">\n\t\t\t\t\t\t\t\t\t<p>Obtenez des donn\u00e9es sur les cas de COVID-19 et les tests aux Bahamas<\/p>\t\t\t\t\t\t\t\t<\/div>\n\t\t\t\t<\/div>\n\t\t\t\t\t<\/div>\n\t\t<\/div>\n\t\t\t\t<div class=\"elementor-column elementor-col-50 elementor-top-column elementor-element elementor-element-58c5cf9b\" data-id=\"58c5cf9b\" data-element_type=\"column\" data-settings=\"{&quot;background_background&quot;:&quot;classic&quot;}\">\n\t\t\t<div class=\"elementor-widget-wrap elementor-element-populated\">\n\t\t\t\t\t\t<div class=\"elementor-element elementor-element-625b9b4f elementor-widget elementor-widget-text-editor\" data-id=\"625b9b4f\" data-element_type=\"widget\" data-widget_type=\"text-editor.default\">\n\t\t\t\t<div class=\"elementor-widget-container\">\n\t\t\t\t\t\t\t\t\t<p>Obtenez des donn\u00e9es sur les cas de COVID-19 et les tests aux Bahamas. Le minist\u00e8re de la Sant\u00e9 collecte des donn\u00e9es sur les cas de COVID-19 et les tests aux Bahamas.<\/p>\t\t\t\t\t\t\t\t<\/div>\n\t\t\t\t<\/div>\n\t\t\t\t\t<\/div>\n\t\t<\/div>\n\t\t\t\t\t<\/div>\n\t\t<\/div>\n\t\t\t\t<section class=\"elementor-section elementor-top-section elementor-element elementor-element-61607d96 elementor-section-boxed elementor-section-height-default elementor-section-height-default\" data-id=\"61607d96\" data-element_type=\"section\" id=\"pageSection-1\">\n\t\t\t\t\t\t<div class=\"elementor-container elementor-column-gap-default\">\n\t\t\t\t\t<div class=\"elementor-column elementor-col-100 elementor-top-column elementor-element elementor-element-295659b8\" data-id=\"295659b8\" data-element_type=\"column\">\n\t\t\t<div class=\"elementor-widget-wrap elementor-element-populated\">\n\t\t\t\t\t\t<div class=\"elementor-element elementor-element-6f1c4822 elementor-widget elementor-widget-heading\" data-id=\"6f1c4822\" data-element_type=\"widget\" data-widget_type=\"heading.default\">\n\t\t\t\t<div class=\"elementor-widget-container\">\n\t\t\t\t\t<h3 class=\"elementor-heading-title elementor-size-default\"><a href=\"https:\/\/covid19.gov.bs\/category\/covid-dashboard\/\">Pour les derni\u00e8res donn\u00e9es COVID-19, visitez le site officiel <u>Tableau de bord COVID-19<\/u>.<\/a><\/h3>\t\t\t\t<\/div>\n\t\t\t\t<\/div>\n\t\t\t\t\t<\/div>\n\t\t<\/div>\n\t\t\t\t\t<\/div>\n\t\t<\/section>\n\t\t\t\t<\/div>","protected":false},"excerpt":{"rendered":"<p>COVID-19 Data Get data on cases of COVID-19 and testing in The Bahamas Get data on cases of COVID-19 and testing in The Bahamas. The Ministry of Health collects data about cases of COVID-19 and testing in The Bahamas. For the latest COVID-19 data, visit the official COVID-19 Dashboard.","protected":false},"author":1,"featured_media":0,"parent":51,"menu_order":0,"comment_status":"closed","ping_status":"closed","template":"elementor_header_footer","meta":{"footnotes":""},"class_list":["post-171","page","type-page","status-publish","hentry"],"jetpack_sharing_enabled":true,"_links":{"self":[{"href":"https:\/\/healthytogether.gov.bs\/fr\/wp-json\/wp\/v2\/pages\/171","targetHints":{"allow":["GET"]}}],"collection":[{"href":"https:\/\/healthytogether.gov.bs\/fr\/wp-json\/wp\/v2\/pages"}],"about":[{"href":"https:\/\/healthytogether.gov.bs\/fr\/wp-json\/wp\/v2\/types\/page"}],"author":[{"embeddable":true,"href":"https:\/\/healthytogether.gov.bs\/fr\/wp-json\/wp\/v2\/users\/1"}],"replies":[{"embeddable":true,"href":"https:\/\/healthytogether.gov.bs\/fr\/wp-json\/wp\/v2\/comments?post=171"}],"version-history":[{"count":0,"href":"https:\/\/healthytogether.gov.bs\/fr\/wp-json\/wp\/v2\/pages\/171\/revisions"}],"up":[{"embeddable":true,"href":"https:\/\/healthytogether.gov.bs\/fr\/wp-json\/wp\/v2\/pages\/51"}],"wp:attachment":[{"href":"https:\/\/healthytogether.gov.bs\/fr\/wp-json\/wp\/v2\/media?parent=171"}],"curies":[{"name":"wp","href":"https:\/\/api.w.org\/{rel}","templated":true}]}}