{"id":167,"date":"2020-09-16T09:09:37","date_gmt":"2020-09-16T13:09:37","guid":{"rendered":"https:\/\/healthytogether.gov.bs\/?page_id=167"},"modified":"2020-11-28T10:59:07","modified_gmt":"2020-11-28T15:59:07","slug":"test-and-trace","status":"publish","type":"page","link":"https:\/\/healthytogether.gov.bs\/fr\/combatting-covid-19\/test-and-trace\/","title":{"rendered":"Test et trace"},"content":{"rendered":"<div data-elementor-type=\"wp-page\" data-elementor-id=\"167\" class=\"elementor elementor-167\" data-elementor-post-type=\"page\">\n\t\t\t\t\t\t<div class=\"elementor-section elementor-top-section elementor-element elementor-element-7f5be88b elementor-section-full_width elementor-section-height-default elementor-section-height-default\" data-id=\"7f5be88b\" data-element_type=\"section\">\n\t\t\t\t\t\t<div class=\"elementor-container elementor-column-gap-default\">\n\t\t\t\t\t<div class=\"elementor-column elementor-col-50 elementor-top-column elementor-element elementor-element-4000c538\" data-id=\"4000c538\" data-element_type=\"column\" data-settings=\"{&quot;background_background&quot;:&quot;classic&quot;}\">\n\t\t\t<div class=\"elementor-widget-wrap elementor-element-populated\">\n\t\t\t\t\t\t<div class=\"elementor-element elementor-element-7de7c3af elementor-widget elementor-widget-heading\" data-id=\"7de7c3af\" data-element_type=\"widget\" data-widget_type=\"heading.default\">\n\t\t\t\t<div class=\"elementor-widget-container\">\n\t\t\t\t\t<h3 class=\"elementor-heading-title elementor-size-default\"><i class=\"fas fa-caret-right fa-lg mr-1\"><\/i> Test et trace<\/h3>\t\t\t\t<\/div>\n\t\t\t\t<\/div>\n\t\t\t\t<div class=\"elementor-element elementor-element-279981bc elementor-widget elementor-widget-text-editor\" data-id=\"279981bc\" data-element_type=\"widget\" data-widget_type=\"text-editor.default\">\n\t\t\t\t<div class=\"elementor-widget-container\">\n\t\t\t\t\t\t\t\t\t<p>Consultez les derni\u00e8res donn\u00e9es de cas et des informations sur la propagation du COVID-19: ses sympt\u00f4mes, son diagnostic et ses efforts de recherche des contacts. Pour un r\u00e9pertoire des sites de test COVID-19 <strong><a href=\"https:\/\/www.bahamas.com\/day-five-covid-19-testing-sites\">cliquez ici<\/a><\/strong>.<\/p>\t\t\t\t\t\t\t\t<\/div>\n\t\t\t\t<\/div>\n\t\t\t\t\t<\/div>\n\t\t<\/div>\n\t\t\t\t<div class=\"elementor-column elementor-col-50 elementor-top-column elementor-element elementor-element-13c342de\" data-id=\"13c342de\" data-element_type=\"column\" data-settings=\"{&quot;background_background&quot;:&quot;classic&quot;}\">\n\t\t\t<div class=\"elementor-widget-wrap elementor-element-populated\">\n\t\t\t\t\t\t<div class=\"elementor-element elementor-element-ea80cc8 elementor-widget elementor-widget-heading\" data-id=\"ea80cc8\" data-element_type=\"widget\" data-widget_type=\"heading.default\">\n\t\t\t\t<div class=\"elementor-widget-container\">\n\t\t\t\t\t<h4 class=\"elementor-heading-title elementor-size-default\">Sur cette page:<\/h4>\t\t\t\t<\/div>\n\t\t\t\t<\/div>\n\t\t\t\t<div class=\"elementor-element elementor-element-701bc271 elementor-list-item-link-inline elementor-align-left elementor-icon-list--layout-traditional elementor-widget elementor-widget-icon-list\" data-id=\"701bc271\" data-element_type=\"widget\" data-widget_type=\"icon-list.default\">\n\t\t\t\t<div class=\"elementor-widget-container\">\n\t\t\t\t\t\t\t<ul class=\"elementor-icon-list-items\">\n\t\t\t\t\t\t\t<li class=\"elementor-icon-list-item\">\n\t\t\t\t\t\t\t\t\t\t\t<a href=\"#pageSection-1\">\n\n\t\t\t\t\t\t\t\t\t\t\t\t<span class=\"elementor-icon-list-icon\">\n\t\t\t\t\t\t\t<i aria-hidden=\"true\" class=\"fas fa-caret-right\"><\/i>\t\t\t\t\t\t<\/span>\n\t\t\t\t\t\t\t\t\t\t<span class=\"elementor-icon-list-text\">Sympt\u00f4mes du covid19<\/span>\n\t\t\t\t\t\t\t\t\t\t\t<\/a>\n\t\t\t\t\t\t\t\t\t<\/li>\n\t\t\t\t\t\t\t\t<li class=\"elementor-icon-list-item\">\n\t\t\t\t\t\t\t\t\t\t\t<a href=\"#pageSection-2\">\n\n\t\t\t\t\t\t\t\t\t\t\t\t<span class=\"elementor-icon-list-icon\">\n\t\t\t\t\t\t\t<i aria-hidden=\"true\" class=\"fas fa-caret-right\"><\/i>\t\t\t\t\t\t<\/span>\n\t\t\t\t\t\t\t\t\t\t<span class=\"elementor-icon-list-text\">Il est temps que les sympt\u00f4mes apparaissent<\/span>\n\t\t\t\t\t\t\t\t\t\t\t<\/a>\n\t\t\t\t\t\t\t\t\t<\/li>\n\t\t\t\t\t\t\t\t<li class=\"elementor-icon-list-item\">\n\t\t\t\t\t\t\t\t\t\t\t<a href=\"#pageSection-3\">\n\n\t\t\t\t\t\t\t\t\t\t\t\t<span class=\"elementor-icon-list-icon\">\n\t\t\t\t\t\t\t<i aria-hidden=\"true\" class=\"fas fa-caret-right\"><\/i>\t\t\t\t\t\t<\/span>\n\t\t\t\t\t\t\t\t\t\t<span class=\"elementor-icon-list-text\">COVID-19 se propage par gouttelettes<\/span>\n\t\t\t\t\t\t\t\t\t\t\t<\/a>\n\t\t\t\t\t\t\t\t\t<\/li>\n\t\t\t\t\t\t<\/ul>\n\t\t\t\t\t\t<\/div>\n\t\t\t\t<\/div>\n\t\t\t\t\t<\/div>\n\t\t<\/div>\n\t\t\t\t\t<\/div>\n\t\t<\/div>\n\t\t\t\t<section class=\"elementor-section elementor-top-section elementor-element elementor-element-37f3145c elementor-section-boxed elementor-section-height-default elementor-section-height-default\" data-id=\"37f3145c\" data-element_type=\"section\" id=\"pageSection-1\">\n\t\t\t\t\t\t<div class=\"elementor-container elementor-column-gap-default\">\n\t\t\t\t\t<div class=\"elementor-column elementor-col-100 elementor-top-column elementor-element elementor-element-7aea12b3\" data-id=\"7aea12b3\" data-element_type=\"column\">\n\t\t\t<div class=\"elementor-widget-wrap elementor-element-populated\">\n\t\t\t\t\t\t<div class=\"elementor-element elementor-element-37aaa166 elementor-widget elementor-widget-heading\" data-id=\"37aaa166\" data-element_type=\"widget\" data-widget_type=\"heading.default\">\n\t\t\t\t<div class=\"elementor-widget-container\">\n\t\t\t\t\t<h3 class=\"elementor-heading-title elementor-size-default\">Sympt\u00f4mes du covid19<\/h3>\t\t\t\t<\/div>\n\t\t\t\t<\/div>\n\t\t\t\t<div class=\"elementor-element elementor-element-99fac99 elementor-widget elementor-widget-text-editor\" data-id=\"99fac99\" data-element_type=\"widget\" data-widget_type=\"text-editor.default\">\n\t\t\t\t<div class=\"elementor-widget-container\">\n\t\t\t\t\t\t\t\t\t<p><strong>Quels sont les sympt\u00f4mes du COVID-19, \u00e0 quelle vitesse apparaissent-ils et que faites-vous si vous les remarquez?<\/strong><\/p>\t\t\t\t\t\t\t\t<\/div>\n\t\t\t\t<\/div>\n\t\t\t\t<section class=\"elementor-section elementor-inner-section elementor-element elementor-element-06a6f0e elementor-section-boxed elementor-section-height-default elementor-section-height-default\" data-id=\"06a6f0e\" data-element_type=\"section\">\n\t\t\t\t\t\t<div class=\"elementor-container elementor-column-gap-default\">\n\t\t\t\t\t<div class=\"elementor-column elementor-col-50 elementor-inner-column elementor-element elementor-element-68e5958\" data-id=\"68e5958\" data-element_type=\"column\">\n\t\t\t<div class=\"elementor-widget-wrap elementor-element-populated\">\n\t\t\t\t\t\t<div class=\"elementor-element elementor-element-8d2b7fd elementor-align-left elementor-widget elementor-widget-lottie\" data-id=\"8d2b7fd\" data-element_type=\"widget\" data-settings=\"{&quot;source_json&quot;:{&quot;url&quot;:&quot;https:\\\/\\\/healthytogether.gov.bs\\\/wp-content\\\/uploads\\\/2020\\\/09\\\/26140-covid19.json&quot;,&quot;id&quot;:554,&quot;size&quot;:&quot;&quot;},&quot;source&quot;:&quot;media_file&quot;,&quot;caption_source&quot;:&quot;none&quot;,&quot;link_to&quot;:&quot;none&quot;,&quot;trigger&quot;:&quot;arriving_to_viewport&quot;,&quot;viewport&quot;:{&quot;unit&quot;:&quot;%&quot;,&quot;size&quot;:&quot;&quot;,&quot;sizes&quot;:{&quot;start&quot;:0,&quot;end&quot;:100}},&quot;play_speed&quot;:{&quot;unit&quot;:&quot;px&quot;,&quot;size&quot;:1,&quot;sizes&quot;:[]},&quot;start_point&quot;:{&quot;unit&quot;:&quot;%&quot;,&quot;size&quot;:0,&quot;sizes&quot;:[]},&quot;end_point&quot;:{&quot;unit&quot;:&quot;%&quot;,&quot;size&quot;:100,&quot;sizes&quot;:[]},&quot;renderer&quot;:&quot;svg&quot;}\" data-widget_type=\"lottie.default\">\n\t\t\t\t<div class=\"elementor-widget-container\">\n\t\t\t\t\t<div class=\"e-lottie__container\"><div class=\"e-lottie__animation\"><\/div><\/div>\t\t\t\t<\/div>\n\t\t\t\t<\/div>\n\t\t\t\t<div class=\"elementor-element elementor-element-57d80198 elementor-widget elementor-widget-text-editor\" data-id=\"57d80198\" data-element_type=\"widget\" data-widget_type=\"text-editor.default\">\n\t\t\t\t<div class=\"elementor-widget-container\">\n\t\t\t\t\t\t\t\t\t<em><span style=\"text-decoration: underline;\"><strong>Les sympt\u00f4mes comprennent:<\/strong><\/span><\/em>\n<ul>\n \t<li>une toux<\/li>\n \t<li>une forte fi\u00e8vre<\/li>\n \t<li>essoufflement<\/li>\n \t<li>maux de gorge<\/li>\n \t<li>\u00e9ternuements et nez qui coule<\/li>\n \t<li>perte d&#039;odeur temporaire<\/li>\n<\/ul>\t\t\t\t\t\t\t\t<\/div>\n\t\t\t\t<\/div>\n\t\t\t\t\t<\/div>\n\t\t<\/div>\n\t\t\t\t<div class=\"elementor-column elementor-col-50 elementor-inner-column elementor-element elementor-element-7908dc2\" data-id=\"7908dc2\" data-element_type=\"column\">\n\t\t\t<div class=\"elementor-widget-wrap elementor-element-populated\">\n\t\t\t\t\t\t<div class=\"elementor-element elementor-element-2e82ac7 elementor-widget elementor-widget-image\" data-id=\"2e82ac7\" data-element_type=\"widget\" data-widget_type=\"image.default\">\n\t\t\t\t<div class=\"elementor-widget-container\">\n\t\t\t\t\t\t\t\t\t\t\t\t\t\t\t<img fetchpriority=\"high\" decoding=\"async\" width=\"640\" height=\"853\" src=\"https:\/\/healthytogether.gov.bs\/wp-content\/uploads\/2020\/09\/htb-covidsymptoms-768x1024.jpg\" class=\"attachment-large size-large wp-image-490\" alt=\"\" srcset=\"https:\/\/healthytogether.gov.bs\/wp-content\/uploads\/2020\/09\/htb-covidsymptoms-768x1024.jpg 768w, https:\/\/healthytogether.gov.bs\/wp-content\/uploads\/2020\/09\/htb-covidsymptoms-225x300.jpg 225w, https:\/\/healthytogether.gov.bs\/wp-content\/uploads\/2020\/09\/htb-covidsymptoms-1152x1536.jpg 1152w, https:\/\/healthytogether.gov.bs\/wp-content\/uploads\/2020\/09\/htb-covidsymptoms.jpg 1350w\" sizes=\"(max-width: 640px) 100vw, 640px\" data-attachment-id=\"490\" data-permalink=\"https:\/\/healthytogether.gov.bs\/fr\/posters-covid-resources\/htb-covidsymptoms\/\" data-orig-file=\"https:\/\/healthytogether.gov.bs\/wp-content\/uploads\/2020\/09\/htb-covidsymptoms.jpg\" data-orig-size=\"1350,1800\" data-comments-opened=\"0\" data-image-meta=\"{&quot;aperture&quot;:&quot;0&quot;,&quot;credit&quot;:&quot;&quot;,&quot;camera&quot;:&quot;&quot;,&quot;caption&quot;:&quot;&quot;,&quot;created_timestamp&quot;:&quot;0&quot;,&quot;copyright&quot;:&quot;&quot;,&quot;focal_length&quot;:&quot;0&quot;,&quot;iso&quot;:&quot;0&quot;,&quot;shutter_speed&quot;:&quot;0&quot;,&quot;title&quot;:&quot;&quot;,&quot;orientation&quot;:&quot;1&quot;}\" data-image-title=\"htb-covidsymptoms\" data-image-description=\"\" data-image-caption=\"\" data-medium-file=\"https:\/\/healthytogether.gov.bs\/wp-content\/uploads\/2020\/09\/htb-covidsymptoms-225x300.jpg\" data-large-file=\"https:\/\/healthytogether.gov.bs\/wp-content\/uploads\/2020\/09\/htb-covidsymptoms-768x1024.jpg\" \/>\t\t\t\t\t\t\t\t\t\t\t\t\t\t\t<\/div>\n\t\t\t\t<\/div>\n\t\t\t\t\t<\/div>\n\t\t<\/div>\n\t\t\t\t\t<\/div>\n\t\t<\/section>\n\t\t\t\t<div class=\"elementor-element elementor-element-3f1a5e9 elementor-widget elementor-widget-text-editor\" data-id=\"3f1a5e9\" data-element_type=\"widget\" data-widget_type=\"text-editor.default\">\n\t\t\t\t<div class=\"elementor-widget-container\">\n\t\t\t\t\t\t\t\t\t<p>Avoir ces sympt\u00f4mes ne signifie pas que vous avez COVID-19. Ils sont similaires \u00e0 d&#039;autres maladies comme le rhume ou la grippe. Si vous pr\u00e9sentez ces sympt\u00f4mes, veuillez vous mettre en quarantaine des autres et surveiller l&#039;\u00e9volution de vos sympt\u00f4mes.<\/p>\t\t\t\t\t\t\t\t<\/div>\n\t\t\t\t<\/div>\n\t\t\t\t<div class=\"elementor-element elementor-element-5663da9 elementor-widget elementor-widget-text-editor\" data-id=\"5663da9\" data-element_type=\"widget\" data-widget_type=\"text-editor.default\">\n\t\t\t\t<div class=\"elementor-widget-container\">\n\t\t\t\t\t\t\t\t\t<p>L&#039;essoufflement est un signe de pneumonie possible et n\u00e9cessite une attention m\u00e9dicale imm\u00e9diate.<\/p>\t\t\t\t\t\t\t\t<\/div>\n\t\t\t\t<\/div>\n\t\t\t\t\t<\/div>\n\t\t<\/div>\n\t\t\t\t\t<\/div>\n\t\t<\/section>\n\t\t\t\t<section class=\"elementor-section elementor-top-section elementor-element elementor-element-765b5498 elementor-section-boxed elementor-section-height-default elementor-section-height-default\" data-id=\"765b5498\" data-element_type=\"section\" id=\"pageSection-2\" data-settings=\"{&quot;background_background&quot;:&quot;classic&quot;}\">\n\t\t\t\t\t\t<div class=\"elementor-container elementor-column-gap-default\">\n\t\t\t\t\t<div class=\"elementor-column elementor-col-100 elementor-top-column elementor-element elementor-element-7eefb204\" data-id=\"7eefb204\" data-element_type=\"column\">\n\t\t\t<div class=\"elementor-widget-wrap elementor-element-populated\">\n\t\t\t\t\t\t<div class=\"elementor-element elementor-element-da656dd elementor-widget elementor-widget-heading\" data-id=\"da656dd\" data-element_type=\"widget\" data-widget_type=\"heading.default\">\n\t\t\t\t<div class=\"elementor-widget-container\">\n\t\t\t\t\t<h3 class=\"elementor-heading-title elementor-size-default\">Il est temps que les sympt\u00f4mes apparaissent<\/h3>\t\t\t\t<\/div>\n\t\t\t\t<\/div>\n\t\t\t\t<div class=\"elementor-element elementor-element-7d7df3ea elementor-widget elementor-widget-text-editor\" data-id=\"7d7df3ea\" data-element_type=\"widget\" data-widget_type=\"text-editor.default\">\n\t\t\t\t<div class=\"elementor-widget-container\">\n\t\t\t\t\t\t\t\t\t<p><strong>Les \u00e9valuations actuelles de l&#039;Organisation mondiale de la sant\u00e9 sugg\u00e8rent qu&#039;il faut 2 \u00e0 10 jours pour que les sympt\u00f4mes apparaissent.<\/strong><\/p>\t\t\t\t\t\t\t\t<\/div>\n\t\t\t\t<\/div>\n\t\t\t\t<div class=\"elementor-element elementor-element-7221589 elementor-widget elementor-widget-text-editor\" data-id=\"7221589\" data-element_type=\"widget\" data-widget_type=\"text-editor.default\">\n\t\t\t\t<div class=\"elementor-widget-container\">\n\t\t\t\t\t\t\t\t\t<p>Si vous pr\u00e9sentez des sympt\u00f4mes, parlez-en \u00e0 un professionnel de la sant\u00e9. Si vous avez des sympt\u00f4mes du rhume ou de la grippe, vous devez rester \u00e0 la maison et appeler:<\/p>\t\t\t\t\t\t\t\t<\/div>\n\t\t\t\t<\/div>\n\t\t\t\t<div class=\"elementor-element elementor-element-5be34b4 elementor-widget elementor-widget-text-editor\" data-id=\"5be34b4\" data-element_type=\"widget\" data-widget_type=\"text-editor.default\">\n\t\t\t\t<div class=\"elementor-widget-container\">\n\t\t\t\t\t\t\t\t\t<ul><li>La hotline COVID-19 \u00e0:<ul><li>511<\/li><\/ul><\/li><li>votre m\u00e9decin, ou<\/li><li>en cas d&#039;urgence, 911<\/li><\/ul>\t\t\t\t\t\t\t\t<\/div>\n\t\t\t\t<\/div>\n\t\t\t\t<div class=\"elementor-element elementor-element-3df0663 elementor-widget elementor-widget-text-editor\" data-id=\"3df0663\" data-element_type=\"widget\" data-widget_type=\"text-editor.default\">\n\t\t\t\t<div class=\"elementor-widget-container\">\n\t\t\t\t\t\t\t\t\t<p>Un professionnel de la sant\u00e9 vous indiquera si vous r\u00e9pondez aux crit\u00e8res de test. Appelez votre m\u00e9decin avant de visiter si vous pr\u00e9sentez des sympt\u00f4mes.<\/p>\t\t\t\t\t\t\t\t<\/div>\n\t\t\t\t<\/div>\n\t\t\t\t<div class=\"elementor-element elementor-element-1194b5f elementor-widget elementor-widget-text-editor\" data-id=\"1194b5f\" data-element_type=\"widget\" data-widget_type=\"text-editor.default\">\n\t\t\t\t<div class=\"elementor-widget-container\">\n\t\t\t\t\t\t\t\t\t<p>Informez votre professionnel de la sant\u00e9 si vous avez voyag\u00e9 \u00e0 l&#039;\u00e9tranger au cours des 14 derniers jours ou si vous avez \u00e9t\u00e9 en contact avec un cas confirm\u00e9 ou probable.<\/p>\t\t\t\t\t\t\t\t<\/div>\n\t\t\t\t<\/div>\n\t\t\t\t<div class=\"elementor-element elementor-element-c9f2b1b elementor-widget elementor-widget-text-editor\" data-id=\"c9f2b1b\" data-element_type=\"widget\" data-widget_type=\"text-editor.default\">\n\t\t\t\t<div class=\"elementor-widget-container\">\n\t\t\t\t\t\t\t\t\t<p><strong>Pendant que vous avez des sympt\u00f4mes<\/strong><\/p>\t\t\t\t\t\t\t\t<\/div>\n\t\t\t\t<\/div>\n\t\t\t\t<div class=\"elementor-element elementor-element-aaa9132 elementor-widget elementor-widget-text-editor\" data-id=\"aaa9132\" data-element_type=\"widget\" data-widget_type=\"text-editor.default\">\n\t\t\t\t<div class=\"elementor-widget-container\">\n\t\t\t\t\t\t\t\t\t<ul><li>Si vous \u00eates malade, restez \u00e0 la maison. N&#039;allez pas travailler. Ne socialisez pas.<\/li><li>Si vous pr\u00e9sentez des sympt\u00f4mes de rhume ou de grippe, appelez votre m\u00e9decin ou la hotline COVID-19 et v\u00e9rifiez si vous devez vous faire tester.<\/li><li>Lavez-vous les mains.<\/li><li>\u00c9ternuez et toussez dans votre coude et d\u00e9sinfectez r\u00e9guli\u00e8rement les surfaces partag\u00e9es.<\/li><li>Si les autorit\u00e9s sanitaires vous demandent de vous auto-isoler, vous devez le faire imm\u00e9diatement. Si vous attendez les r\u00e9sultats des tests, vous devez \u00e9galement vous auto-isoler.<\/li><\/ul>\t\t\t\t\t\t\t\t<\/div>\n\t\t\t\t<\/div>\n\t\t\t\t<div class=\"elementor-element elementor-element-9a6f84d elementor-align-center elementor-widget elementor-widget-button\" data-id=\"9a6f84d\" data-element_type=\"widget\" data-widget_type=\"button.default\">\n\t\t\t\t<div class=\"elementor-widget-container\">\n\t\t\t\t\t\t\t\t\t<div class=\"elementor-button-wrapper\">\n\t\t\t\t\t<a class=\"elementor-button elementor-button-link elementor-size-md\" href=\"https:\/\/healthytogether.gov.bs\/fr\/combatting-covid-19\/test-and-trace\/\">\n\t\t\t\t\t\t<span class=\"elementor-button-content-wrapper\">\n\t\t\t\t\t\t\t\t\t<span class=\"elementor-button-text\">En savoir plus sur les tests COVID-19<\/span>\n\t\t\t\t\t<\/span>\n\t\t\t\t\t<\/a>\n\t\t\t\t<\/div>\n\t\t\t\t\t\t\t\t<\/div>\n\t\t\t\t<\/div>\n\t\t\t\t\t<\/div>\n\t\t<\/div>\n\t\t\t\t\t<\/div>\n\t\t<\/section>\n\t\t\t\t<section class=\"elementor-section elementor-top-section elementor-element elementor-element-eb0e7f8 elementor-section-boxed elementor-section-height-default elementor-section-height-default\" data-id=\"eb0e7f8\" data-element_type=\"section\">\n\t\t\t\t\t\t<div class=\"elementor-container elementor-column-gap-default\">\n\t\t\t\t\t<div class=\"elementor-column elementor-col-100 elementor-top-column elementor-element elementor-element-7fd12f8\" data-id=\"7fd12f8\" data-element_type=\"column\">\n\t\t\t<div class=\"elementor-widget-wrap elementor-element-populated\">\n\t\t\t\t\t\t<div class=\"elementor-element elementor-element-d2dde47 elementor-widget elementor-widget-image\" data-id=\"d2dde47\" data-element_type=\"widget\" data-widget_type=\"image.default\">\n\t\t\t\t<div class=\"elementor-widget-container\">\n\t\t\t\t\t\t\t\t\t\t\t\t\t\t\t<img decoding=\"async\" width=\"640\" height=\"284\" src=\"https:\/\/healthytogether.gov.bs\/wp-content\/uploads\/2020\/10\/htb-selfquarantine-1024x455.jpg\" class=\"attachment-large size-large wp-image-689\" alt=\"\" srcset=\"https:\/\/healthytogether.gov.bs\/wp-content\/uploads\/2020\/10\/htb-selfquarantine-1024x455.jpg 1024w, https:\/\/healthytogether.gov.bs\/wp-content\/uploads\/2020\/10\/htb-selfquarantine-300x133.jpg 300w, https:\/\/healthytogether.gov.bs\/wp-content\/uploads\/2020\/10\/htb-selfquarantine-768x341.jpg 768w, https:\/\/healthytogether.gov.bs\/wp-content\/uploads\/2020\/10\/htb-selfquarantine-1536x683.jpg 1536w, https:\/\/healthytogether.gov.bs\/wp-content\/uploads\/2020\/10\/htb-selfquarantine-16x7.jpg 16w, https:\/\/healthytogether.gov.bs\/wp-content\/uploads\/2020\/10\/htb-selfquarantine.jpg 1800w\" sizes=\"(max-width: 640px) 100vw, 640px\" data-attachment-id=\"689\" data-permalink=\"https:\/\/healthytogether.gov.bs\/fr\/htb-selfquarantine-2\/\" data-orig-file=\"https:\/\/healthytogether.gov.bs\/wp-content\/uploads\/2020\/10\/htb-selfquarantine.jpg\" data-orig-size=\"1800,800\" data-comments-opened=\"0\" data-image-meta=\"{&quot;aperture&quot;:&quot;0&quot;,&quot;credit&quot;:&quot;&quot;,&quot;camera&quot;:&quot;&quot;,&quot;caption&quot;:&quot;&quot;,&quot;created_timestamp&quot;:&quot;0&quot;,&quot;copyright&quot;:&quot;&quot;,&quot;focal_length&quot;:&quot;0&quot;,&quot;iso&quot;:&quot;0&quot;,&quot;shutter_speed&quot;:&quot;0&quot;,&quot;title&quot;:&quot;&quot;,&quot;orientation&quot;:&quot;1&quot;}\" data-image-title=\"htb-selfquarantine\" data-image-description=\"\" data-image-caption=\"\" data-medium-file=\"https:\/\/healthytogether.gov.bs\/wp-content\/uploads\/2020\/10\/htb-selfquarantine-300x133.jpg\" data-large-file=\"https:\/\/healthytogether.gov.bs\/wp-content\/uploads\/2020\/10\/htb-selfquarantine-1024x455.jpg\" \/>\t\t\t\t\t\t\t\t\t\t\t\t\t\t\t<\/div>\n\t\t\t\t<\/div>\n\t\t\t\t\t<\/div>\n\t\t<\/div>\n\t\t\t\t\t<\/div>\n\t\t<\/section>\n\t\t\t\t<section class=\"elementor-section elementor-top-section elementor-element elementor-element-4b459656 elementor-section-boxed elementor-section-height-default elementor-section-height-default\" data-id=\"4b459656\" data-element_type=\"section\" id=\"pageSection-3\">\n\t\t\t\t\t\t<div class=\"elementor-container elementor-column-gap-default\">\n\t\t\t\t\t<div class=\"elementor-column elementor-col-100 elementor-top-column elementor-element elementor-element-37b6f057\" data-id=\"37b6f057\" data-element_type=\"column\">\n\t\t\t<div class=\"elementor-widget-wrap elementor-element-populated\">\n\t\t\t\t\t\t<div class=\"elementor-element elementor-element-113caaf5 elementor-widget elementor-widget-heading\" data-id=\"113caaf5\" data-element_type=\"widget\" data-widget_type=\"heading.default\">\n\t\t\t\t<div class=\"elementor-widget-container\">\n\t\t\t\t\t<h3 class=\"elementor-heading-title elementor-size-default\">COVID-19 se propage par gouttelettes\n<\/h3>\t\t\t\t<\/div>\n\t\t\t\t<\/div>\n\t\t\t\t<div class=\"elementor-element elementor-element-33d5e5e0 elementor-widget elementor-widget-text-editor\" data-id=\"33d5e5e0\" data-element_type=\"widget\" data-widget_type=\"text-editor.default\">\n\t\t\t\t<div class=\"elementor-widget-container\">\n\t\t\t\t\t\t\t\t\t<p><strong>Le COVID-19 se propage par gouttelettes d&#039;une personne \u00e0 l&#039;autre, comme la grippe.<\/strong> <\/p>\t\t\t\t\t\t\t\t<\/div>\n\t\t\t\t<\/div>\n\t\t\t\t<div class=\"elementor-element elementor-element-63bc21f5 elementor-widget elementor-widget-text-editor\" data-id=\"63bc21f5\" data-element_type=\"widget\" data-widget_type=\"text-editor.default\">\n\t\t\t\t<div class=\"elementor-widget-container\">\n\t\t\t\t\t\t\t\t\t<p>Les gens peuvent attraper le virus par les yeux, le nez ou la bouche.<\/p>\t\t\t\t\t\t\t\t<\/div>\n\t\t\t\t<\/div>\n\t\t\t\t<div class=\"elementor-element elementor-element-a798e5d elementor-widget elementor-widget-text-editor\" data-id=\"a798e5d\" data-element_type=\"widget\" data-widget_type=\"text-editor.default\">\n\t\t\t\t<div class=\"elementor-widget-container\">\n\t\t\t\t\t\t\t\t\t<p>Lorsqu&#039;une personne infect\u00e9e tousse, \u00e9ternue ou parle, elle peut r\u00e9pandre des gouttelettes contenant le virus. Ces gouttelettes sont trop grosses pour rester longtemps dans l&#039;air, elles se d\u00e9posent donc rapidement sur les surfaces environnantes.<\/p>\t\t\t\t\t\t\t\t<\/div>\n\t\t\t\t<\/div>\n\t\t\t\t<div class=\"elementor-element elementor-element-0a439b5 elementor-widget elementor-widget-text-editor\" data-id=\"0a439b5\" data-element_type=\"widget\" data-widget_type=\"text-editor.default\">\n\t\t\t\t<div class=\"elementor-widget-container\">\n\t\t\t\t\t\t\t\t\t<p>Les personnes peuvent \u00eatre infect\u00e9es par le virus si elles touchent ces surfaces ou ces objets, puis touchent leur bouche, leur nez ou leurs yeux.<\/p>\t\t\t\t\t\t\t\t<\/div>\n\t\t\t\t<\/div>\n\t\t\t\t<div class=\"elementor-element elementor-element-84f4ee3 elementor-widget elementor-widget-text-editor\" data-id=\"84f4ee3\" data-element_type=\"widget\" data-widget_type=\"text-editor.default\">\n\t\t\t\t<div class=\"elementor-widget-container\">\n\t\t\t\t\t\t\t\t\t<p><strong>That is why it\u2019s really important to practise good hygiene at all times.<\/strong><\/p><ul><li>Lavez et s\u00e9chez r\u00e9guli\u00e8rement vos mains<\/li><li>\u00c9ternuez et toussez dans votre coude<\/li><li>Nettoyez ou d\u00e9sinfectez r\u00e9guli\u00e8rement les surfaces partag\u00e9es<\/li><li>Si vous avez des sympt\u00f4mes de rhume ou de grippe, restez \u00e0 la maison et appelez votre m\u00e9decin ou la hotline COVID-19 au 511.<\/li><\/ul>\t\t\t\t\t\t\t\t<\/div>\n\t\t\t\t<\/div>\n\t\t\t\t\t<\/div>\n\t\t<\/div>\n\t\t\t\t\t<\/div>\n\t\t<\/section>\n\t\t\t\t<\/div>","protected":false},"excerpt":{"rendered":"<p>Test and Trace See the latest case data and information on how COVID-19 spreads: its symptoms, diagnosis, and contact tracing efforts. For a directory of COVID-19 testing sites click here.","protected":false},"author":1,"featured_media":0,"parent":51,"menu_order":0,"comment_status":"closed","ping_status":"closed","template":"elementor_header_footer","meta":{"footnotes":""},"class_list":["post-167","page","type-page","status-publish","hentry"],"jetpack_sharing_enabled":true,"_links":{"self":[{"href":"https:\/\/healthytogether.gov.bs\/fr\/wp-json\/wp\/v2\/pages\/167","targetHints":{"allow":["GET"]}}],"collection":[{"href":"https:\/\/healthytogether.gov.bs\/fr\/wp-json\/wp\/v2\/pages"}],"about":[{"href":"https:\/\/healthytogether.gov.bs\/fr\/wp-json\/wp\/v2\/types\/page"}],"author":[{"embeddable":true,"href":"https:\/\/healthytogether.gov.bs\/fr\/wp-json\/wp\/v2\/users\/1"}],"replies":[{"embeddable":true,"href":"https:\/\/healthytogether.gov.bs\/fr\/wp-json\/wp\/v2\/comments?post=167"}],"version-history":[{"count":0,"href":"https:\/\/healthytogether.gov.bs\/fr\/wp-json\/wp\/v2\/pages\/167\/revisions"}],"up":[{"embeddable":true,"href":"https:\/\/healthytogether.gov.bs\/fr\/wp-json\/wp\/v2\/pages\/51"}],"wp:attachment":[{"href":"https:\/\/healthytogether.gov.bs\/fr\/wp-json\/wp\/v2\/media?parent=167"}],"curies":[{"name":"wp","href":"https:\/\/api.w.org\/{rel}","templated":true}]}}