{"id":165,"date":"2020-09-16T09:08:49","date_gmt":"2020-09-16T13:08:49","guid":{"rendered":"https:\/\/healthytogether.gov.bs\/?page_id=165"},"modified":"2020-11-28T10:51:56","modified_gmt":"2020-11-28T15:51:56","slug":"restrictions","status":"publish","type":"page","link":"https:\/\/healthytogether.gov.bs\/fr\/combatting-covid-19\/restrictions\/","title":{"rendered":"Restrictions"},"content":{"rendered":"<div data-elementor-type=\"wp-page\" data-elementor-id=\"165\" class=\"elementor elementor-165\" data-elementor-post-type=\"page\">\n\t\t\t\t\t\t<div class=\"elementor-section elementor-top-section elementor-element elementor-element-2e579a8f elementor-section-full_width elementor-section-height-default elementor-section-height-default\" data-id=\"2e579a8f\" data-element_type=\"section\">\n\t\t\t\t\t\t<div class=\"elementor-container elementor-column-gap-default\">\n\t\t\t\t\t<div class=\"elementor-column elementor-col-50 elementor-top-column elementor-element elementor-element-76008ad5\" data-id=\"76008ad5\" data-element_type=\"column\" data-settings=\"{&quot;background_background&quot;:&quot;classic&quot;}\">\n\t\t\t<div class=\"elementor-widget-wrap elementor-element-populated\">\n\t\t\t\t\t\t<div class=\"elementor-element elementor-element-751f23e6 elementor-widget elementor-widget-heading\" data-id=\"751f23e6\" data-element_type=\"widget\" data-widget_type=\"heading.default\">\n\t\t\t\t<div class=\"elementor-widget-container\">\n\t\t\t\t\t<h3 class=\"elementor-heading-title elementor-size-default\"><i class=\"fas fa-caret-right fa-lg mr-1\"><\/i> Restrictions<\/h3>\t\t\t\t<\/div>\n\t\t\t\t<\/div>\n\t\t\t\t<div class=\"elementor-element elementor-element-78632127 elementor-widget elementor-widget-text-editor\" data-id=\"78632127\" data-element_type=\"widget\" data-widget_type=\"text-editor.default\">\n\t\t\t\t<div class=\"elementor-widget-container\">\n\t\t\t\t\t\t\t\t\t<p>Les Bahamas ont un syst\u00e8me \u00e0 3 niveaux. Chaque niveau nous indique quelles mesures nous devons prendre.<\/p>\t\t\t\t\t\t\t\t<\/div>\n\t\t\t\t<\/div>\n\t\t\t\t\t<\/div>\n\t\t<\/div>\n\t\t\t\t<div class=\"elementor-column elementor-col-50 elementor-top-column elementor-element elementor-element-5b7ec61c\" data-id=\"5b7ec61c\" data-element_type=\"column\" data-settings=\"{&quot;background_background&quot;:&quot;classic&quot;}\">\n\t\t\t<div class=\"elementor-widget-wrap elementor-element-populated\">\n\t\t\t\t\t\t<div class=\"elementor-element elementor-element-b61c925 elementor-widget elementor-widget-text-editor\" data-id=\"b61c925\" data-element_type=\"widget\" data-widget_type=\"text-editor.default\">\n\t\t\t\t<div class=\"elementor-widget-container\">\n\t\t\t\t\t\t\t\t\t<p>Le syst\u00e8me de niveau COVID-19 a \u00e9t\u00e9 con\u00e7u pour aider les Bahamiens \u00e0 g\u00e9rer et \u00e0 minimiser le risque de contracter et de propager le virus. Chaque niveau signale l&#039;\u00e9tat actuel des diff\u00e9rentes \u00eeles du pays et le risque de COVID-19. Les \u00eeles sont d\u00e9sormais d\u00e9sign\u00e9es \u00e0 un niveau bas\u00e9 sur la fa\u00e7on dont le virus est g\u00e9r\u00e9 sur cette \u00eele<\/p>\t\t\t\t\t\t\t\t<\/div>\n\t\t\t\t<\/div>\n\t\t\t\t\t<\/div>\n\t\t<\/div>\n\t\t\t\t\t<\/div>\n\t\t<\/div>\n\t\t\t\t<section class=\"elementor-section elementor-top-section elementor-element elementor-element-e2a40f4 elementor-section-boxed elementor-section-height-default elementor-section-height-default\" data-id=\"e2a40f4\" data-element_type=\"section\" id=\"pageSection-1\">\n\t\t\t\t\t\t<div class=\"elementor-container elementor-column-gap-default\">\n\t\t\t\t\t<div class=\"elementor-column elementor-col-100 elementor-top-column elementor-element elementor-element-1bb383da\" data-id=\"1bb383da\" data-element_type=\"column\">\n\t\t\t<div class=\"elementor-widget-wrap elementor-element-populated\">\n\t\t\t\t\t\t<div class=\"elementor-element elementor-element-711c4bbf elementor-widget elementor-widget-heading\" data-id=\"711c4bbf\" data-element_type=\"widget\" data-widget_type=\"heading.default\">\n\t\t\t\t<div class=\"elementor-widget-container\">\n\t\t\t\t\t<h3 class=\"elementor-heading-title elementor-size-default\">Ce que tous les niveaux ont en commun<\/h3>\t\t\t\t<\/div>\n\t\t\t\t<\/div>\n\t\t\t\t<div class=\"elementor-element elementor-element-2d38b753 elementor-widget elementor-widget-text-editor\" data-id=\"2d38b753\" data-element_type=\"widget\" data-widget_type=\"text-editor.default\">\n\t\t\t\t<div class=\"elementor-widget-container\">\n\t\t\t\t\t\t\t\t\t<p><strong>\u00c0 tous les niveaux, les services essentiels, y compris les services de sant\u00e9, les services d&#039;urgence, les services publics, les pharmacies publiques, la p\u00eache et l&#039;agriculture et le transport de marchandises resteront op\u00e9rationnels. Les employeurs de ces secteurs doivent continuer de respecter leurs obligations en mati\u00e8re de sant\u00e9 et de s\u00e9curit\u00e9.<\/strong><\/p>\t\t\t\t\t\t\t\t<\/div>\n\t\t\t\t<\/div>\n\t\t\t\t<div class=\"elementor-element elementor-element-5f5ab118 elementor-widget elementor-widget-text-editor\" data-id=\"5f5ab118\" data-element_type=\"widget\" data-widget_type=\"text-editor.default\">\n\t\t\t\t<div class=\"elementor-widget-container\">\n\t\t\t\t\t\t\t\t\t<p>At all levels, if there is a major emergency &#8211; like a hurricane &#8211; citizens and residents are advised to follow normal emergency procedures. Emergency evacuation orders will override COVID-19 Level System requirements to stay at home.<\/p><p>Toutes les \u00eeles doivent suivre le courant <a href=\"https:\/\/opm.gov.bs\/category\/press-room\/emergency-orders-covid-19\/\">Ordres d&#039;urgence<\/a> impos\u00e9e par le gouvernement.<\/p>\t\t\t\t\t\t\t\t<\/div>\n\t\t\t\t<\/div>\n\t\t\t\t<div class=\"elementor-element elementor-element-334c74b elementor-widget elementor-widget-text-editor\" data-id=\"334c74b\" data-element_type=\"widget\" data-widget_type=\"text-editor.default\">\n\t\t\t\t<div class=\"elementor-widget-container\">\n\t\t\t\t\t\t\t\t\t<p><strong>Niveau 3<\/strong> -Ces \u00eeles connaissent des restrictions de mouvement et des couvre-feux.\u00a0<\/p>\t\t\t\t\t\t\t\t<\/div>\n\t\t\t\t<\/div>\n\t\t\t\t<div class=\"elementor-element elementor-element-25ac1a0 elementor-widget elementor-widget-text-editor\" data-id=\"25ac1a0\" data-element_type=\"widget\" data-widget_type=\"text-editor.default\">\n\t\t\t\t<div class=\"elementor-widget-container\">\n\t\t\t\t\t\t\t\t\t<p><strong>Niveau 2<\/strong> &#8211; These islands experience commercial and social activity\u00a0<span style=\"font-size: 12.96px; color: var( --e-global-color-text ); font-family: var( --e-global-typography-text-font-family );\">subject to safety protocols\u00a0<\/span><span style=\"font-size: 0.9em; color: var( --e-global-color-text ); font-family: var( --e-global-typography-text-font-family );\">with curfew.<\/span><\/p>\t\t\t\t\t\t\t\t<\/div>\n\t\t\t\t<\/div>\n\t\t\t\t<div class=\"elementor-element elementor-element-84c360a elementor-widget elementor-widget-text-editor\" data-id=\"84c360a\" data-element_type=\"widget\" data-widget_type=\"text-editor.default\">\n\t\t\t\t<div class=\"elementor-widget-container\">\n\t\t\t\t\t\t\t\t\t<p><strong>Niveau 1<\/strong>&#8211; Normal commercial and social activity has resumed on these islands and surrounding cays. Additionally, retailers may offer in-store service subject to safety protocols.<\/p>\t\t\t\t\t\t\t\t<\/div>\n\t\t\t\t<\/div>\n\t\t\t\t\t<\/div>\n\t\t<\/div>\n\t\t\t\t\t<\/div>\n\t\t<\/section>\n\t\t\t\t<section class=\"elementor-section elementor-top-section elementor-element elementor-element-77518b0 elementor-section-boxed elementor-section-height-default elementor-section-height-default\" data-id=\"77518b0\" data-element_type=\"section\" data-settings=\"{&quot;background_background&quot;:&quot;classic&quot;}\">\n\t\t\t\t\t\t<div class=\"elementor-container elementor-column-gap-default\">\n\t\t\t\t\t<div class=\"elementor-column elementor-col-100 elementor-top-column elementor-element elementor-element-6385769\" data-id=\"6385769\" data-element_type=\"column\">\n\t\t\t<div class=\"elementor-widget-wrap elementor-element-populated\">\n\t\t\t\t\t\t<div class=\"elementor-element elementor-element-1f45f61 elementor-widget elementor-widget-heading\" data-id=\"1f45f61\" data-element_type=\"widget\" data-widget_type=\"heading.default\">\n\t\t\t\t<div class=\"elementor-widget-container\">\n\t\t\t\t\t<h3 class=\"elementor-heading-title elementor-size-default\"><i class=\"fas fa-exclamation-triangle mr-1\"><\/i> Niveau 1<\/h3>\t\t\t\t<\/div>\n\t\t\t\t<\/div>\n\t\t\t\t<div class=\"elementor-element elementor-element-a5123fb elementor-widget elementor-widget-text-editor\" data-id=\"a5123fb\" data-element_type=\"widget\" data-widget_type=\"text-editor.default\">\n\t\t\t\t<div class=\"elementor-widget-container\">\n\t\t\t\t\t\t\t\t\tThese islands have each been individually assessed by health professionals and have been deemed to have minimal risk in the face of the COVID 19 pandemic. This is either because there are no cases, there is no suspected COVID 19 activity, or the other indicators are such that there is no heightened risk when considered cumulatively. These islands presently have no lockdown or curfew in place, but they are required to exercise physical distancing protocols, sanitisation, and mask-wearing.\n\nTo learn more, take a look at the most recent <a href=\"https:\/\/opm.gov.bs\/category\/press-room\/emergency-orders-covid-19\/\"><b>Ordres d&#039;urgence<\/b><\/a>.\t\t\t\t\t\t\t\t<\/div>\n\t\t\t\t<\/div>\n\t\t\t\t\t<\/div>\n\t\t<\/div>\n\t\t\t\t\t<\/div>\n\t\t<\/section>\n\t\t\t\t<section class=\"elementor-section elementor-top-section elementor-element elementor-element-ed98934 elementor-section-boxed elementor-section-height-default elementor-section-height-default\" data-id=\"ed98934\" data-element_type=\"section\" data-settings=\"{&quot;background_background&quot;:&quot;classic&quot;}\">\n\t\t\t\t\t\t<div class=\"elementor-container elementor-column-gap-default\">\n\t\t\t\t\t<div class=\"elementor-column elementor-col-100 elementor-top-column elementor-element elementor-element-7f9db4b\" data-id=\"7f9db4b\" data-element_type=\"column\">\n\t\t\t<div class=\"elementor-widget-wrap elementor-element-populated\">\n\t\t\t\t\t\t<div class=\"elementor-element elementor-element-e42198e elementor-widget elementor-widget-heading\" data-id=\"e42198e\" data-element_type=\"widget\" data-widget_type=\"heading.default\">\n\t\t\t\t<div class=\"elementor-widget-container\">\n\t\t\t\t\t<h3 class=\"elementor-heading-title elementor-size-default\"><i class=\"fas fa-exclamation-triangle mr-1\"><\/i> Niveau 2<\/h3>\t\t\t\t<\/div>\n\t\t\t\t<\/div>\n\t\t\t\t<div class=\"elementor-element elementor-element-4c1325a elementor-widget elementor-widget-text-editor\" data-id=\"4c1325a\" data-element_type=\"widget\" data-widget_type=\"text-editor.default\">\n\t\t\t\t<div class=\"elementor-widget-container\">\n\t\t\t\t\t\t\t\t\tThese islands are considered to have high risk in the face of the COVID 19 pandemic, based on the performance of the indicators being monitored by our health professionals. These islands are presently under the current restrictions found in the latest <strong><a href=\"https:\/\/opm.gov.bs\/emergency-powers-covid-19-pandemicno-12-order-2020\/\">Ordres d&#039;urgence<\/a><\/strong> with strict curfews in place.\n\nTo learn more, take a look at the most recent <a href=\"https:\/\/opm.gov.bs\/category\/press-room\/emergency-orders-covid-19\/\"><b>Emergency<\/b> Orders<\/a>.\t\t\t\t\t\t\t\t<\/div>\n\t\t\t\t<\/div>\n\t\t\t\t<div class=\"elementor-element elementor-element-b882b60 elementor-align-center elementor-widget elementor-widget-button\" data-id=\"b882b60\" data-element_type=\"widget\" data-widget_type=\"button.default\">\n\t\t\t\t<div class=\"elementor-widget-container\">\n\t\t\t\t\t\t\t\t\t<div class=\"elementor-button-wrapper\">\n\t\t\t\t\t<a class=\"elementor-button elementor-button-link elementor-size-md\" href=\"https:\/\/opm.gov.bs\/category\/press-room\/emergency-orders-covid-19\/\">\n\t\t\t\t\t\t<span class=\"elementor-button-content-wrapper\">\n\t\t\t\t\t\t\t\t\t<span class=\"elementor-button-text\">Read Emergency Orders<\/span>\n\t\t\t\t\t<\/span>\n\t\t\t\t\t<\/a>\n\t\t\t\t<\/div>\n\t\t\t\t\t\t\t\t<\/div>\n\t\t\t\t<\/div>\n\t\t\t\t\t<\/div>\n\t\t<\/div>\n\t\t\t\t\t<\/div>\n\t\t<\/section>\n\t\t\t\t<section class=\"elementor-section elementor-top-section elementor-element elementor-element-694ab3b elementor-section-boxed elementor-section-height-default elementor-section-height-default\" data-id=\"694ab3b\" data-element_type=\"section\" data-settings=\"{&quot;background_background&quot;:&quot;classic&quot;}\">\n\t\t\t\t\t\t<div class=\"elementor-container elementor-column-gap-default\">\n\t\t\t\t\t<div class=\"elementor-column elementor-col-100 elementor-top-column elementor-element elementor-element-b88aa82\" data-id=\"b88aa82\" data-element_type=\"column\">\n\t\t\t<div class=\"elementor-widget-wrap elementor-element-populated\">\n\t\t\t\t\t\t<div class=\"elementor-element elementor-element-97bd388 elementor-widget elementor-widget-heading\" data-id=\"97bd388\" data-element_type=\"widget\" data-widget_type=\"heading.default\">\n\t\t\t\t<div class=\"elementor-widget-container\">\n\t\t\t\t\t<h3 class=\"elementor-heading-title elementor-size-default\"><i class=\"fas fa-exclamation-triangle mr-1\"><\/i> Niveau 3<\/h3>\t\t\t\t<\/div>\n\t\t\t\t<\/div>\n\t\t\t\t<div class=\"elementor-element elementor-element-86a9db5 elementor-widget elementor-widget-text-editor\" data-id=\"86a9db5\" data-element_type=\"widget\" data-widget_type=\"text-editor.default\">\n\t\t\t\t<div class=\"elementor-widget-container\">\n\t\t\t\t\t\t\t\t\tThese islands reflect critical risk in the face of the COVID 19 pandemic and warrant greater restrictions to fight the pandemic than are presently found under the latest <strong><a href=\"https:\/\/opm.gov.bs\/emergency-powers-covid-19-pandemicno-12-order-2020\/\">Ordres d&#039;urgence<\/a><\/strong>.\n\nTo learn more, take a look at the most recent <a href=\"https:\/\/opm.gov.bs\/category\/press-room\/emergency-orders-covid-19\/\"><b>Ordres d&#039;urgence<\/b><\/a>.\t\t\t\t\t\t\t\t<\/div>\n\t\t\t\t<\/div>\n\t\t\t\t<div class=\"elementor-element elementor-element-b37f094 elementor-align-center elementor-widget elementor-widget-button\" data-id=\"b37f094\" data-element_type=\"widget\" data-widget_type=\"button.default\">\n\t\t\t\t<div class=\"elementor-widget-container\">\n\t\t\t\t\t\t\t\t\t<div class=\"elementor-button-wrapper\">\n\t\t\t\t\t<a class=\"elementor-button elementor-button-link elementor-size-md\" href=\"https:\/\/opm.gov.bs\/category\/press-room\/emergency-orders-covid-19\/\">\n\t\t\t\t\t\t<span class=\"elementor-button-content-wrapper\">\n\t\t\t\t\t\t\t\t\t<span class=\"elementor-button-text\">Read Emergency Orders<\/span>\n\t\t\t\t\t<\/span>\n\t\t\t\t\t<\/a>\n\t\t\t\t<\/div>\n\t\t\t\t\t\t\t\t<\/div>\n\t\t\t\t<\/div>\n\t\t\t\t\t<\/div>\n\t\t<\/div>\n\t\t\t\t\t<\/div>\n\t\t<\/section>\n\t\t\t\t<\/div>","protected":false},"excerpt":{"rendered":"<p>Restrictions The Bahamas has a 3-level system. Each level tells us what measures we must take. The COVID-19 level system was designed to help Bahamians manage and minimize the risk of contracting and spreading the virus. Each level signals the current state of different islands in the country and the risk for COVID-19.","protected":false},"author":1,"featured_media":0,"parent":51,"menu_order":0,"comment_status":"closed","ping_status":"closed","template":"elementor_header_footer","meta":{"footnotes":""},"class_list":["post-165","page","type-page","status-publish","hentry"],"jetpack_sharing_enabled":true,"_links":{"self":[{"href":"https:\/\/healthytogether.gov.bs\/fr\/wp-json\/wp\/v2\/pages\/165","targetHints":{"allow":["GET"]}}],"collection":[{"href":"https:\/\/healthytogether.gov.bs\/fr\/wp-json\/wp\/v2\/pages"}],"about":[{"href":"https:\/\/healthytogether.gov.bs\/fr\/wp-json\/wp\/v2\/types\/page"}],"author":[{"embeddable":true,"href":"https:\/\/healthytogether.gov.bs\/fr\/wp-json\/wp\/v2\/users\/1"}],"replies":[{"embeddable":true,"href":"https:\/\/healthytogether.gov.bs\/fr\/wp-json\/wp\/v2\/comments?post=165"}],"version-history":[{"count":0,"href":"https:\/\/healthytogether.gov.bs\/fr\/wp-json\/wp\/v2\/pages\/165\/revisions"}],"up":[{"embeddable":true,"href":"https:\/\/healthytogether.gov.bs\/fr\/wp-json\/wp\/v2\/pages\/51"}],"wp:attachment":[{"href":"https:\/\/healthytogether.gov.bs\/fr\/wp-json\/wp\/v2\/media?parent=165"}],"curies":[{"name":"wp","href":"https:\/\/api.w.org\/{rel}","templated":true}]}}