{"id":447,"date":"2020-09-27T20:39:30","date_gmt":"2020-09-28T00:39:30","guid":{"rendered":"https:\/\/healthytogether.gov.bs\/?page_id=447"},"modified":"2020-11-17T03:46:36","modified_gmt":"2020-11-17T08:46:36","slug":"support-your-community","status":"publish","type":"page","link":"https:\/\/healthytogether.gov.bs\/es\/community-health-and-wellbeing\/support-your-community\/","title":{"rendered":"Apoya a tu comunidad"},"content":{"rendered":"<div data-elementor-type=\"wp-page\" data-elementor-id=\"447\" class=\"elementor elementor-447\" data-elementor-post-type=\"page\">\n\t\t\t\t\t\t<div class=\"elementor-section elementor-top-section elementor-element elementor-element-2deb4e7c elementor-section-full_width elementor-section-height-default elementor-section-height-default\" data-id=\"2deb4e7c\" data-element_type=\"section\">\n\t\t\t\t\t\t<div class=\"elementor-container elementor-column-gap-default\">\n\t\t\t\t\t<div class=\"elementor-column elementor-col-50 elementor-top-column elementor-element elementor-element-485c95b4\" data-id=\"485c95b4\" data-element_type=\"column\" data-settings=\"{&quot;background_background&quot;:&quot;classic&quot;}\">\n\t\t\t<div class=\"elementor-widget-wrap elementor-element-populated\">\n\t\t\t\t\t\t<div class=\"elementor-element elementor-element-7e15fc4f elementor-widget elementor-widget-heading\" data-id=\"7e15fc4f\" data-element_type=\"widget\" data-widget_type=\"heading.default\">\n\t\t\t\t<div class=\"elementor-widget-container\">\n\t\t\t\t\t<h3 class=\"elementor-heading-title elementor-size-default\"><i class=\"fas fa-caret-right fa-lg mr-1\"><\/i> Apoya a tu comunidad<\/h3>\t\t\t\t<\/div>\n\t\t\t\t<\/div>\n\t\t\t\t<div class=\"elementor-element elementor-element-50a65938 elementor-widget elementor-widget-text-editor\" data-id=\"50a65938\" data-element_type=\"widget\" data-widget_type=\"text-editor.default\">\n\t\t\t\t<div class=\"elementor-widget-container\">\n\t\t\t\t\t\t\t\t\t<p>Fomentar la sensaci\u00f3n de bienestar y conectividad en nuestras comunidades y la confianza en los servicios que se brindan.<\/p>\t\t\t\t\t\t\t\t<\/div>\n\t\t\t\t<\/div>\n\t\t\t\t\t<\/div>\n\t\t<\/div>\n\t\t\t\t<div class=\"elementor-column elementor-col-50 elementor-top-column elementor-element elementor-element-617eecc3\" data-id=\"617eecc3\" data-element_type=\"column\" data-settings=\"{&quot;background_background&quot;:&quot;classic&quot;}\">\n\t\t\t<div class=\"elementor-widget-wrap elementor-element-populated\">\n\t\t\t\t\t\t<div class=\"elementor-element elementor-element-69ca93d elementor-widget elementor-widget-heading\" data-id=\"69ca93d\" data-element_type=\"widget\" data-widget_type=\"heading.default\">\n\t\t\t\t<div class=\"elementor-widget-container\">\n\t\t\t\t\t<h4 class=\"elementor-heading-title elementor-size-default\">En esta p\u00e1gina:<\/h4>\t\t\t\t<\/div>\n\t\t\t\t<\/div>\n\t\t\t\t<div class=\"elementor-element elementor-element-295a3945 elementor-list-item-link-inline elementor-align-left elementor-icon-list--layout-traditional elementor-widget elementor-widget-icon-list\" data-id=\"295a3945\" data-element_type=\"widget\" data-widget_type=\"icon-list.default\">\n\t\t\t\t<div class=\"elementor-widget-container\">\n\t\t\t\t\t\t\t<ul class=\"elementor-icon-list-items\">\n\t\t\t\t\t\t\t<li class=\"elementor-icon-list-item\">\n\t\t\t\t\t\t\t\t\t\t\t<a href=\"#pageSection-1\">\n\n\t\t\t\t\t\t\t\t\t\t\t\t<span class=\"elementor-icon-list-icon\">\n\t\t\t\t\t\t\t<i aria-hidden=\"true\" class=\"fas fa-caret-right\"><\/i>\t\t\t\t\t\t<\/span>\n\t\t\t\t\t\t\t\t\t\t<span class=\"elementor-icon-list-text\">#Comunidades fuertes<\/span>\n\t\t\t\t\t\t\t\t\t\t\t<\/a>\n\t\t\t\t\t\t\t\t\t<\/li>\n\t\t\t\t\t\t\t\t<li class=\"elementor-icon-list-item\">\n\t\t\t\t\t\t\t\t\t\t\t<a href=\"#pageSection-2\">\n\n\t\t\t\t\t\t\t\t\t\t\t\t<span class=\"elementor-icon-list-icon\">\n\t\t\t\t\t\t\t<i aria-hidden=\"true\" class=\"fas fa-caret-right\"><\/i>\t\t\t\t\t\t<\/span>\n\t\t\t\t\t\t\t\t\t\t<span class=\"elementor-icon-list-text\">Fomentar el volunterismo remoto<\/span>\n\t\t\t\t\t\t\t\t\t\t\t<\/a>\n\t\t\t\t\t\t\t\t\t<\/li>\n\t\t\t\t\t\t<\/ul>\n\t\t\t\t\t\t<\/div>\n\t\t\t\t<\/div>\n\t\t\t\t\t<\/div>\n\t\t<\/div>\n\t\t\t\t\t<\/div>\n\t\t<\/div>\n\t\t\t\t<section class=\"elementor-section elementor-top-section elementor-element elementor-element-4b2209c elementor-section-boxed elementor-section-height-default elementor-section-height-default\" data-id=\"4b2209c\" data-element_type=\"section\" id=\"pageSection-1\">\n\t\t\t\t\t\t<div class=\"elementor-container elementor-column-gap-default\">\n\t\t\t\t\t<div class=\"elementor-column elementor-col-100 elementor-top-column elementor-element elementor-element-29a77860\" data-id=\"29a77860\" data-element_type=\"column\">\n\t\t\t<div class=\"elementor-widget-wrap elementor-element-populated\">\n\t\t\t\t\t\t<div class=\"elementor-element elementor-element-53e275f elementor-widget elementor-widget-heading\" data-id=\"53e275f\" data-element_type=\"widget\" data-widget_type=\"heading.default\">\n\t\t\t\t<div class=\"elementor-widget-container\">\n\t\t\t\t\t<h3 class=\"elementor-heading-title elementor-size-default\">#Comunidades fuertes<\/h3>\t\t\t\t<\/div>\n\t\t\t\t<\/div>\n\t\t\t\t<div class=\"elementor-element elementor-element-7426e10b elementor-widget elementor-widget-text-editor\" data-id=\"7426e10b\" data-element_type=\"widget\" data-widget_type=\"text-editor.default\">\n\t\t\t\t<div class=\"elementor-widget-container\">\n\t\t\t\t\t\t\t\t\t<p><strong>Mantenga las comunidades saludables y seguras<\/strong><\/p>\t\t\t\t\t\t\t\t<\/div>\n\t\t\t\t<\/div>\n\t\t\t\t<div class=\"elementor-element elementor-element-6995795 elementor-widget elementor-widget-text-editor\" data-id=\"6995795\" data-element_type=\"widget\" data-widget_type=\"text-editor.default\">\n\t\t\t\t<div class=\"elementor-widget-container\">\n\t\t\t\t\t\t\t\t\t<p>Mantener a todos los miembros de nuestras comunidades sanos y seguros implica seguir las pautas recomendadas por la autoridad competente y los funcionarios de salud, que incluyen:<\/p><ul><li>Practising social distancing \u2013 standing at least six feet apart from others<\/li><li>Usar una m\u00e1scara o una cubierta facial que cubra tanto la nariz como la boca.<\/li><li>Always coughing or sneezing into a paper napkin or your elbow (when a disposable napkin isn\u2019t available)<\/li><li>Lavarse las manos con frecuencia y usar desinfectante para manos<\/li><\/ul>\t\t\t\t\t\t\t\t<\/div>\n\t\t\t\t<\/div>\n\t\t\t\t<div class=\"elementor-element elementor-element-3603966 elementor-widget elementor-widget-text-editor\" data-id=\"3603966\" data-element_type=\"widget\" data-widget_type=\"text-editor.default\">\n\t\t\t\t<div class=\"elementor-widget-container\">\n\t\t\t\t\t\t\t\t\t<p><strong>Consulte con los m\u00e1s vulnerables de su comunidad<\/strong><\/p>\t\t\t\t\t\t\t\t<\/div>\n\t\t\t\t<\/div>\n\t\t\t\t<div class=\"elementor-element elementor-element-f438c5d elementor-widget elementor-widget-text-editor\" data-id=\"f438c5d\" data-element_type=\"widget\" data-widget_type=\"text-editor.default\">\n\t\t\t\t<div class=\"elementor-widget-container\">\n\t\t\t\t\t\t\t\t\t<p>Sea consciente de los m\u00e1s vulnerables de su comunidad y tome medidas para ellos. Las personas m\u00e1s vulnerables incluyen:<\/p><ul><li>Los ancianos<\/li><li>Aquellos con condiciones preexistentes o sistemas inmunol\u00f3gicos comprometidos.<\/li><li>Ni\u00f1os<\/li><li>Familias con recursos m\u00ednimos<\/li><li>Gente con discapacidades<\/li><\/ul>\t\t\t\t\t\t\t\t<\/div>\n\t\t\t\t<\/div>\n\t\t\t\t<div class=\"elementor-element elementor-element-3f31994 elementor-widget elementor-widget-text-editor\" data-id=\"3f31994\" data-element_type=\"widget\" data-widget_type=\"text-editor.default\">\n\t\t\t\t<div class=\"elementor-widget-container\">\n\t\t\t\t\t\t\t\t\t<p>Las comunidades pueden unirse para asegurarse de que estas personas obtengan los recursos necesarios, como alimentos y medicinas, y al menos sepan c\u00f3mo acceder a los servicios que se necesitan. Tener al menos un hogar en el vecindario que controle a estas personas puede ser de gran ayuda.<\/p>\t\t\t\t\t\t\t\t<\/div>\n\t\t\t\t<\/div>\n\t\t\t\t\t<\/div>\n\t\t<\/div>\n\t\t\t\t\t<\/div>\n\t\t<\/section>\n\t\t\t\t<section class=\"elementor-section elementor-top-section elementor-element elementor-element-f5ab523 elementor-section-boxed elementor-section-height-default elementor-section-height-default\" data-id=\"f5ab523\" data-element_type=\"section\" id=\"pageSection-2\" data-settings=\"{&quot;background_background&quot;:&quot;classic&quot;}\">\n\t\t\t\t\t\t<div class=\"elementor-container elementor-column-gap-default\">\n\t\t\t\t\t<div class=\"elementor-column elementor-col-100 elementor-top-column elementor-element elementor-element-569f25ae\" data-id=\"569f25ae\" data-element_type=\"column\">\n\t\t\t<div class=\"elementor-widget-wrap elementor-element-populated\">\n\t\t\t\t\t\t<div class=\"elementor-element elementor-element-38659ff2 elementor-widget elementor-widget-heading\" data-id=\"38659ff2\" data-element_type=\"widget\" data-widget_type=\"heading.default\">\n\t\t\t\t<div class=\"elementor-widget-container\">\n\t\t\t\t\t<h3 class=\"elementor-heading-title elementor-size-default\">Fomentar el voluntariado a distancia <\/h3>\t\t\t\t<\/div>\n\t\t\t\t<\/div>\n\t\t\t\t<div class=\"elementor-element elementor-element-5e02f850 elementor-widget elementor-widget-text-editor\" data-id=\"5e02f850\" data-element_type=\"widget\" data-widget_type=\"text-editor.default\">\n\t\t\t\t<div class=\"elementor-widget-container\">\n\t\t\t\t\t\t\t\t\t<p>Durante los encierros y el aislamiento, muchas personas han almacenado cantidades de energ\u00eda que de otro modo se gastar\u00edan durante el trabajo o las actividades habituales. El voluntariado es una excelente manera de expulsar algo de energ\u00eda acumulada, reducir el estr\u00e9s, combatir el aburrimiento y proporcionar una sensaci\u00f3n de prop\u00f3sito y bienestar. Tambi\u00e9n ayuda a fomentar la comunicaci\u00f3n y la conexi\u00f3n con los dem\u00e1s. Las formas seguras de ser voluntario durante la pandemia son:<\/p>\t\t\t\t\t\t\t\t<\/div>\n\t\t\t\t<\/div>\n\t\t\t\t<div class=\"elementor-element elementor-element-eb80dab elementor-widget elementor-widget-text-editor\" data-id=\"eb80dab\" data-element_type=\"widget\" data-widget_type=\"text-editor.default\">\n\t\t\t\t<div class=\"elementor-widget-container\">\n\t\t\t\t\t\t\t\t\t<ul><li>Creating a \u201cphone tree\u201d to check in on your neighbours.<\/li><li>Con\u00e9ctese virtualmente con otros para discutir problemas comunitarios y t\u00e1cticas de resoluci\u00f3n de problemas. Desarrolle un plan de acci\u00f3n comunitario, si es posible. Cada comunidad tiene sus propios desaf\u00edos \u00fanicos que solo los miembros de esas comunidades pueden conocer plenamente. Al vincularse con otros dentro de su comunidad, puede encontrar algunas formas creativas de resolver algunos de los problemas que surgen durante esta pandemia.<\/li><li>Utilice y cree grupos m\u00e1s s\u00f3lidos y de confianza dentro de su comunidad. Estos incluyen grupos religiosos y organizaciones juveniles y c\u00edvicas.<\/li><\/ul>\t\t\t\t\t\t\t\t<\/div>\n\t\t\t\t<\/div>\n\t\t\t\t<div class=\"elementor-element elementor-element-febeb4e elementor-widget elementor-widget-text-editor\" data-id=\"febeb4e\" data-element_type=\"widget\" data-widget_type=\"text-editor.default\">\n\t\t\t\t<div class=\"elementor-widget-container\">\n\t\t\t\t\t\t\t\t\t<p><strong>Oportunidades para apoyar<\/strong><\/p>\t\t\t\t\t\t\t\t<\/div>\n\t\t\t\t<\/div>\n\t\t\t\t<div class=\"elementor-element elementor-element-7b8eac1 elementor-widget elementor-widget-text-editor\" data-id=\"7b8eac1\" data-element_type=\"widget\" data-widget_type=\"text-editor.default\">\n\t\t\t\t<div class=\"elementor-widget-container\">\n\t\t\t\t\t\t\t\t\t<p>Apoya a los menos afortunados donando a las siguientes organizaciones:<\/p><ul><li>La Cruz Roja de las Bahamas (<a href=\"https:\/\/bahamasredcross.org\/volunteer\">https:\/\/bahamasredcross.org\/volunteer<\/a>)<\/li><li>Prestar una mano (<a href=\"https:\/\/www.lendahandbahamas.org\">https:\/\/www.lendahandbahamas.org<\/a>)<\/li><li>Manos por el hambre (<a href=\"https:\/\/handsforhunger.org\/volunteer\/individuals\">https:\/\/handsforhunger.org\/volunteer\/individuals<\/a>)<\/li><li>El Ej\u00e9rcito de Salvaci\u00f3n de las Bahamas (<a href=\"https:\/\/salvationarmybahamas.org\/service\/volunteer\">https:\/\/salvationarmybahamas.org\/service\/volunteer<\/a>)<\/li><\/ul>\t\t\t\t\t\t\t\t<\/div>\n\t\t\t\t<\/div>\n\t\t\t\t<div class=\"elementor-element elementor-element-8c955f4 elementor-widget elementor-widget-text-editor\" data-id=\"8c955f4\" data-element_type=\"widget\" data-widget_type=\"text-editor.default\">\n\t\t\t\t<div class=\"elementor-widget-container\">\n\t\t\t\t\t\t\t\t\t<p><strong>Construye relaciones con tus vecinos<\/strong><\/p>\t\t\t\t\t\t\t\t<\/div>\n\t\t\t\t<\/div>\n\t\t\t\t<div class=\"elementor-element elementor-element-4e1d6eb elementor-widget elementor-widget-text-editor\" data-id=\"4e1d6eb\" data-element_type=\"widget\" data-widget_type=\"text-editor.default\">\n\t\t\t\t<div class=\"elementor-widget-container\">\n\t\t\t\t\t\t\t\t\t<p>Mientras se conecta con sus vecinos, recuerde mantener una distancia social constante y seguir las pautas anteriores para interactuar de manera segura con los dem\u00e1s.<\/p>\t\t\t\t\t\t\t\t<\/div>\n\t\t\t\t<\/div>\n\t\t\t\t\t<\/div>\n\t\t<\/div>\n\t\t\t\t\t<\/div>\n\t\t<\/section>\n\t\t\t\t<\/div>","protected":false},"excerpt":{"rendered":"<p>Apoye a su comunidad Fomente un sentido de bienestar y conectividad en nuestras comunidades y conf\u00ede en los servicios que se brindan.","protected":false},"author":1,"featured_media":0,"parent":22,"menu_order":0,"comment_status":"closed","ping_status":"closed","template":"elementor_header_footer","meta":{"footnotes":""},"class_list":["post-447","page","type-page","status-publish","hentry"],"jetpack_sharing_enabled":true,"_links":{"self":[{"href":"https:\/\/healthytogether.gov.bs\/es\/wp-json\/wp\/v2\/pages\/447","targetHints":{"allow":["GET"]}}],"collection":[{"href":"https:\/\/healthytogether.gov.bs\/es\/wp-json\/wp\/v2\/pages"}],"about":[{"href":"https:\/\/healthytogether.gov.bs\/es\/wp-json\/wp\/v2\/types\/page"}],"author":[{"embeddable":true,"href":"https:\/\/healthytogether.gov.bs\/es\/wp-json\/wp\/v2\/users\/1"}],"replies":[{"embeddable":true,"href":"https:\/\/healthytogether.gov.bs\/es\/wp-json\/wp\/v2\/comments?post=447"}],"version-history":[{"count":0,"href":"https:\/\/healthytogether.gov.bs\/es\/wp-json\/wp\/v2\/pages\/447\/revisions"}],"up":[{"embeddable":true,"href":"https:\/\/healthytogether.gov.bs\/es\/wp-json\/wp\/v2\/pages\/22"}],"wp:attachment":[{"href":"https:\/\/healthytogether.gov.bs\/es\/wp-json\/wp\/v2\/media?parent=447"}],"curies":[{"name":"wp","href":"https:\/\/api.w.org\/{rel}","templated":true}]}}