{"id":167,"date":"2020-09-16T09:09:37","date_gmt":"2020-09-16T13:09:37","guid":{"rendered":"https:\/\/healthytogether.gov.bs\/?page_id=167"},"modified":"2020-11-28T10:59:07","modified_gmt":"2020-11-28T15:59:07","slug":"test-and-trace","status":"publish","type":"page","link":"https:\/\/healthytogether.gov.bs\/es\/combatting-covid-19\/test-and-trace\/","title":{"rendered":"Prueba y rastreo"},"content":{"rendered":"<div data-elementor-type=\"wp-page\" data-elementor-id=\"167\" class=\"elementor elementor-167\" data-elementor-post-type=\"page\">\n\t\t\t\t\t\t<div class=\"elementor-section elementor-top-section elementor-element elementor-element-7f5be88b elementor-section-full_width elementor-section-height-default elementor-section-height-default\" data-id=\"7f5be88b\" data-element_type=\"section\">\n\t\t\t\t\t\t<div class=\"elementor-container elementor-column-gap-default\">\n\t\t\t\t\t<div class=\"elementor-column elementor-col-50 elementor-top-column elementor-element elementor-element-4000c538\" data-id=\"4000c538\" data-element_type=\"column\" data-settings=\"{&quot;background_background&quot;:&quot;classic&quot;}\">\n\t\t\t<div class=\"elementor-widget-wrap elementor-element-populated\">\n\t\t\t\t\t\t<div class=\"elementor-element elementor-element-7de7c3af elementor-widget elementor-widget-heading\" data-id=\"7de7c3af\" data-element_type=\"widget\" data-widget_type=\"heading.default\">\n\t\t\t\t<div class=\"elementor-widget-container\">\n\t\t\t\t\t<h3 class=\"elementor-heading-title elementor-size-default\"><i class=\"fas fa-caret-right fa-lg mr-1\"><\/i> Prueba y rastreo<\/h3>\t\t\t\t<\/div>\n\t\t\t\t<\/div>\n\t\t\t\t<div class=\"elementor-element elementor-element-279981bc elementor-widget elementor-widget-text-editor\" data-id=\"279981bc\" data-element_type=\"widget\" data-widget_type=\"text-editor.default\">\n\t\t\t\t<div class=\"elementor-widget-container\">\n\t\t\t\t\t\t\t\t\t<p>Vea los \u00faltimos datos de casos e informaci\u00f3n sobre c\u00f3mo se propaga COVID-19: sus s\u00edntomas, diagn\u00f3stico y esfuerzos de rastreo de contactos. Para obtener un directorio de sitios de prueba de COVID-19 <strong><a href=\"https:\/\/www.bahamas.com\/day-five-covid-19-testing-sites\">haga clic aqu\u00ed<\/a><\/strong>.<\/p>\t\t\t\t\t\t\t\t<\/div>\n\t\t\t\t<\/div>\n\t\t\t\t\t<\/div>\n\t\t<\/div>\n\t\t\t\t<div class=\"elementor-column elementor-col-50 elementor-top-column elementor-element elementor-element-13c342de\" data-id=\"13c342de\" data-element_type=\"column\" data-settings=\"{&quot;background_background&quot;:&quot;classic&quot;}\">\n\t\t\t<div class=\"elementor-widget-wrap elementor-element-populated\">\n\t\t\t\t\t\t<div class=\"elementor-element elementor-element-ea80cc8 elementor-widget elementor-widget-heading\" data-id=\"ea80cc8\" data-element_type=\"widget\" data-widget_type=\"heading.default\">\n\t\t\t\t<div class=\"elementor-widget-container\">\n\t\t\t\t\t<h4 class=\"elementor-heading-title elementor-size-default\">En esta p\u00e1gina:<\/h4>\t\t\t\t<\/div>\n\t\t\t\t<\/div>\n\t\t\t\t<div class=\"elementor-element elementor-element-701bc271 elementor-list-item-link-inline elementor-align-left elementor-icon-list--layout-traditional elementor-widget elementor-widget-icon-list\" data-id=\"701bc271\" data-element_type=\"widget\" data-widget_type=\"icon-list.default\">\n\t\t\t\t<div class=\"elementor-widget-container\">\n\t\t\t\t\t\t\t<ul class=\"elementor-icon-list-items\">\n\t\t\t\t\t\t\t<li class=\"elementor-icon-list-item\">\n\t\t\t\t\t\t\t\t\t\t\t<a href=\"#pageSection-1\">\n\n\t\t\t\t\t\t\t\t\t\t\t\t<span class=\"elementor-icon-list-icon\">\n\t\t\t\t\t\t\t<i aria-hidden=\"true\" class=\"fas fa-caret-right\"><\/i>\t\t\t\t\t\t<\/span>\n\t\t\t\t\t\t\t\t\t\t<span class=\"elementor-icon-list-text\">S\u00edntomas de COVID-19<\/span>\n\t\t\t\t\t\t\t\t\t\t\t<\/a>\n\t\t\t\t\t\t\t\t\t<\/li>\n\t\t\t\t\t\t\t\t<li class=\"elementor-icon-list-item\">\n\t\t\t\t\t\t\t\t\t\t\t<a href=\"#pageSection-2\">\n\n\t\t\t\t\t\t\t\t\t\t\t\t<span class=\"elementor-icon-list-icon\">\n\t\t\t\t\t\t\t<i aria-hidden=\"true\" class=\"fas fa-caret-right\"><\/i>\t\t\t\t\t\t<\/span>\n\t\t\t\t\t\t\t\t\t\t<span class=\"elementor-icon-list-text\">Es hora de que aparezcan los s\u00edntomas<\/span>\n\t\t\t\t\t\t\t\t\t\t\t<\/a>\n\t\t\t\t\t\t\t\t\t<\/li>\n\t\t\t\t\t\t\t\t<li class=\"elementor-icon-list-item\">\n\t\t\t\t\t\t\t\t\t\t\t<a href=\"#pageSection-3\">\n\n\t\t\t\t\t\t\t\t\t\t\t\t<span class=\"elementor-icon-list-icon\">\n\t\t\t\t\t\t\t<i aria-hidden=\"true\" class=\"fas fa-caret-right\"><\/i>\t\t\t\t\t\t<\/span>\n\t\t\t\t\t\t\t\t\t\t<span class=\"elementor-icon-list-text\">COVID-19 se transmite por gotitas<\/span>\n\t\t\t\t\t\t\t\t\t\t\t<\/a>\n\t\t\t\t\t\t\t\t\t<\/li>\n\t\t\t\t\t\t<\/ul>\n\t\t\t\t\t\t<\/div>\n\t\t\t\t<\/div>\n\t\t\t\t\t<\/div>\n\t\t<\/div>\n\t\t\t\t\t<\/div>\n\t\t<\/div>\n\t\t\t\t<section class=\"elementor-section elementor-top-section elementor-element elementor-element-37f3145c elementor-section-boxed elementor-section-height-default elementor-section-height-default\" data-id=\"37f3145c\" data-element_type=\"section\" id=\"pageSection-1\">\n\t\t\t\t\t\t<div class=\"elementor-container elementor-column-gap-default\">\n\t\t\t\t\t<div class=\"elementor-column elementor-col-100 elementor-top-column elementor-element elementor-element-7aea12b3\" data-id=\"7aea12b3\" data-element_type=\"column\">\n\t\t\t<div class=\"elementor-widget-wrap elementor-element-populated\">\n\t\t\t\t\t\t<div class=\"elementor-element elementor-element-37aaa166 elementor-widget elementor-widget-heading\" data-id=\"37aaa166\" data-element_type=\"widget\" data-widget_type=\"heading.default\">\n\t\t\t\t<div class=\"elementor-widget-container\">\n\t\t\t\t\t<h3 class=\"elementor-heading-title elementor-size-default\">S\u00edntomas de COVID-19<\/h3>\t\t\t\t<\/div>\n\t\t\t\t<\/div>\n\t\t\t\t<div class=\"elementor-element elementor-element-99fac99 elementor-widget elementor-widget-text-editor\" data-id=\"99fac99\" data-element_type=\"widget\" data-widget_type=\"text-editor.default\">\n\t\t\t\t<div class=\"elementor-widget-container\">\n\t\t\t\t\t\t\t\t\t<p><strong>\u00bfCu\u00e1les son los s\u00edntomas de COVID-19, qu\u00e9 tan r\u00e1pido aparecen y qu\u00e9 hace si los nota?<\/strong><\/p>\t\t\t\t\t\t\t\t<\/div>\n\t\t\t\t<\/div>\n\t\t\t\t<section class=\"elementor-section elementor-inner-section elementor-element elementor-element-06a6f0e elementor-section-boxed elementor-section-height-default elementor-section-height-default\" data-id=\"06a6f0e\" data-element_type=\"section\">\n\t\t\t\t\t\t<div class=\"elementor-container elementor-column-gap-default\">\n\t\t\t\t\t<div class=\"elementor-column elementor-col-50 elementor-inner-column elementor-element elementor-element-68e5958\" data-id=\"68e5958\" data-element_type=\"column\">\n\t\t\t<div class=\"elementor-widget-wrap elementor-element-populated\">\n\t\t\t\t\t\t<div class=\"elementor-element elementor-element-8d2b7fd elementor-align-left elementor-widget elementor-widget-lottie\" data-id=\"8d2b7fd\" data-element_type=\"widget\" data-settings=\"{&quot;source_json&quot;:{&quot;url&quot;:&quot;https:\\\/\\\/healthytogether.gov.bs\\\/wp-content\\\/uploads\\\/2020\\\/09\\\/26140-covid19.json&quot;,&quot;id&quot;:554,&quot;size&quot;:&quot;&quot;},&quot;source&quot;:&quot;media_file&quot;,&quot;caption_source&quot;:&quot;none&quot;,&quot;link_to&quot;:&quot;none&quot;,&quot;trigger&quot;:&quot;arriving_to_viewport&quot;,&quot;viewport&quot;:{&quot;unit&quot;:&quot;%&quot;,&quot;size&quot;:&quot;&quot;,&quot;sizes&quot;:{&quot;start&quot;:0,&quot;end&quot;:100}},&quot;play_speed&quot;:{&quot;unit&quot;:&quot;px&quot;,&quot;size&quot;:1,&quot;sizes&quot;:[]},&quot;start_point&quot;:{&quot;unit&quot;:&quot;%&quot;,&quot;size&quot;:0,&quot;sizes&quot;:[]},&quot;end_point&quot;:{&quot;unit&quot;:&quot;%&quot;,&quot;size&quot;:100,&quot;sizes&quot;:[]},&quot;renderer&quot;:&quot;svg&quot;}\" data-widget_type=\"lottie.default\">\n\t\t\t\t<div class=\"elementor-widget-container\">\n\t\t\t\t\t<div class=\"e-lottie__container\"><div class=\"e-lottie__animation\"><\/div><\/div>\t\t\t\t<\/div>\n\t\t\t\t<\/div>\n\t\t\t\t<div class=\"elementor-element elementor-element-57d80198 elementor-widget elementor-widget-text-editor\" data-id=\"57d80198\" data-element_type=\"widget\" data-widget_type=\"text-editor.default\">\n\t\t\t\t<div class=\"elementor-widget-container\">\n\t\t\t\t\t\t\t\t\t<em><span style=\"text-decoration: underline;\"><strong>Los s\u00edntomas incluyen:<\/strong><\/span><\/em>\n<ul>\n \t<li>tos<\/li>\n \t<li>una fiebre alta<\/li>\n \t<li>dificultad para respirar<\/li>\n \t<li>dolor de garganta<\/li>\n \t<li>estornudos y secreci\u00f3n nasal<\/li>\n \t<li>p\u00e9rdida temporal del olfato<\/li>\n<\/ul>\t\t\t\t\t\t\t\t<\/div>\n\t\t\t\t<\/div>\n\t\t\t\t\t<\/div>\n\t\t<\/div>\n\t\t\t\t<div class=\"elementor-column elementor-col-50 elementor-inner-column elementor-element elementor-element-7908dc2\" data-id=\"7908dc2\" data-element_type=\"column\">\n\t\t\t<div class=\"elementor-widget-wrap elementor-element-populated\">\n\t\t\t\t\t\t<div class=\"elementor-element elementor-element-2e82ac7 elementor-widget elementor-widget-image\" data-id=\"2e82ac7\" data-element_type=\"widget\" data-widget_type=\"image.default\">\n\t\t\t\t<div class=\"elementor-widget-container\">\n\t\t\t\t\t\t\t\t\t\t\t\t\t\t\t<img fetchpriority=\"high\" decoding=\"async\" width=\"640\" height=\"853\" src=\"https:\/\/healthytogether.gov.bs\/wp-content\/uploads\/2020\/09\/htb-covidsymptoms-768x1024.jpg\" class=\"attachment-large size-large wp-image-490\" alt=\"\" srcset=\"https:\/\/healthytogether.gov.bs\/wp-content\/uploads\/2020\/09\/htb-covidsymptoms-768x1024.jpg 768w, https:\/\/healthytogether.gov.bs\/wp-content\/uploads\/2020\/09\/htb-covidsymptoms-225x300.jpg 225w, https:\/\/healthytogether.gov.bs\/wp-content\/uploads\/2020\/09\/htb-covidsymptoms-1152x1536.jpg 1152w, https:\/\/healthytogether.gov.bs\/wp-content\/uploads\/2020\/09\/htb-covidsymptoms.jpg 1350w\" sizes=\"(max-width: 640px) 100vw, 640px\" data-attachment-id=\"490\" data-permalink=\"https:\/\/healthytogether.gov.bs\/posters-covid-resources\/htb-covidsymptoms\/\" data-orig-file=\"https:\/\/healthytogether.gov.bs\/wp-content\/uploads\/2020\/09\/htb-covidsymptoms.jpg\" data-orig-size=\"1350,1800\" data-comments-opened=\"0\" data-image-meta=\"{&quot;aperture&quot;:&quot;0&quot;,&quot;credit&quot;:&quot;&quot;,&quot;camera&quot;:&quot;&quot;,&quot;caption&quot;:&quot;&quot;,&quot;created_timestamp&quot;:&quot;0&quot;,&quot;copyright&quot;:&quot;&quot;,&quot;focal_length&quot;:&quot;0&quot;,&quot;iso&quot;:&quot;0&quot;,&quot;shutter_speed&quot;:&quot;0&quot;,&quot;title&quot;:&quot;&quot;,&quot;orientation&quot;:&quot;1&quot;}\" data-image-title=\"htb-covidsymptoms\" data-image-description=\"\" data-image-caption=\"\" data-medium-file=\"https:\/\/healthytogether.gov.bs\/wp-content\/uploads\/2020\/09\/htb-covidsymptoms-225x300.jpg\" data-large-file=\"https:\/\/healthytogether.gov.bs\/wp-content\/uploads\/2020\/09\/htb-covidsymptoms-768x1024.jpg\" \/>\t\t\t\t\t\t\t\t\t\t\t\t\t\t\t<\/div>\n\t\t\t\t<\/div>\n\t\t\t\t\t<\/div>\n\t\t<\/div>\n\t\t\t\t\t<\/div>\n\t\t<\/section>\n\t\t\t\t<div class=\"elementor-element elementor-element-3f1a5e9 elementor-widget elementor-widget-text-editor\" data-id=\"3f1a5e9\" data-element_type=\"widget\" data-widget_type=\"text-editor.default\">\n\t\t\t\t<div class=\"elementor-widget-container\">\n\t\t\t\t\t\t\t\t\t<p>Tener estos s\u00edntomas no significa que tenga COVID-19. Son similares a otras enfermedades como un resfriado o la gripe. Si presenta estos s\u00edntomas, p\u00f3ngase en cuarentena y controle c\u00f3mo se desarrollan sus s\u00edntomas.<\/p>\t\t\t\t\t\t\t\t<\/div>\n\t\t\t\t<\/div>\n\t\t\t\t<div class=\"elementor-element elementor-element-5663da9 elementor-widget elementor-widget-text-editor\" data-id=\"5663da9\" data-element_type=\"widget\" data-widget_type=\"text-editor.default\">\n\t\t\t\t<div class=\"elementor-widget-container\">\n\t\t\t\t\t\t\t\t\t<p>La dificultad para respirar es un signo de posible neumon\u00eda y requiere atenci\u00f3n m\u00e9dica inmediata.<\/p>\t\t\t\t\t\t\t\t<\/div>\n\t\t\t\t<\/div>\n\t\t\t\t\t<\/div>\n\t\t<\/div>\n\t\t\t\t\t<\/div>\n\t\t<\/section>\n\t\t\t\t<section class=\"elementor-section elementor-top-section elementor-element elementor-element-765b5498 elementor-section-boxed elementor-section-height-default elementor-section-height-default\" data-id=\"765b5498\" data-element_type=\"section\" id=\"pageSection-2\" data-settings=\"{&quot;background_background&quot;:&quot;classic&quot;}\">\n\t\t\t\t\t\t<div class=\"elementor-container elementor-column-gap-default\">\n\t\t\t\t\t<div class=\"elementor-column elementor-col-100 elementor-top-column elementor-element elementor-element-7eefb204\" data-id=\"7eefb204\" data-element_type=\"column\">\n\t\t\t<div class=\"elementor-widget-wrap elementor-element-populated\">\n\t\t\t\t\t\t<div class=\"elementor-element elementor-element-da656dd elementor-widget elementor-widget-heading\" data-id=\"da656dd\" data-element_type=\"widget\" data-widget_type=\"heading.default\">\n\t\t\t\t<div class=\"elementor-widget-container\">\n\t\t\t\t\t<h3 class=\"elementor-heading-title elementor-size-default\">Es hora de que aparezcan los s\u00edntomas<\/h3>\t\t\t\t<\/div>\n\t\t\t\t<\/div>\n\t\t\t\t<div class=\"elementor-element elementor-element-7d7df3ea elementor-widget elementor-widget-text-editor\" data-id=\"7d7df3ea\" data-element_type=\"widget\" data-widget_type=\"text-editor.default\">\n\t\t\t\t<div class=\"elementor-widget-container\">\n\t\t\t\t\t\t\t\t\t<p><strong>Las evaluaciones actuales de la Organizaci\u00f3n Mundial de la Salud sugieren que los s\u00edntomas tardan de 2 a 10 d\u00edas en aparecer.<\/strong><\/p>\t\t\t\t\t\t\t\t<\/div>\n\t\t\t\t<\/div>\n\t\t\t\t<div class=\"elementor-element elementor-element-7221589 elementor-widget elementor-widget-text-editor\" data-id=\"7221589\" data-element_type=\"widget\" data-widget_type=\"text-editor.default\">\n\t\t\t\t<div class=\"elementor-widget-container\">\n\t\t\t\t\t\t\t\t\t<p>Si tiene alg\u00fan s\u00edntoma, hable con un profesional de la salud. Si tiene s\u00edntomas de resfriado o gripe, debe quedarse en casa y llamar a:<\/p>\t\t\t\t\t\t\t\t<\/div>\n\t\t\t\t<\/div>\n\t\t\t\t<div class=\"elementor-element elementor-element-5be34b4 elementor-widget elementor-widget-text-editor\" data-id=\"5be34b4\" data-element_type=\"widget\" data-widget_type=\"text-editor.default\">\n\t\t\t\t<div class=\"elementor-widget-container\">\n\t\t\t\t\t\t\t\t\t<ul><li>La l\u00ednea directa de COVID-19 en:<ul><li>511<\/li><\/ul><\/li><li>su m\u00e9dico, o<\/li><li>en caso de emergencia, 911<\/li><\/ul>\t\t\t\t\t\t\t\t<\/div>\n\t\t\t\t<\/div>\n\t\t\t\t<div class=\"elementor-element elementor-element-3df0663 elementor-widget elementor-widget-text-editor\" data-id=\"3df0663\" data-element_type=\"widget\" data-widget_type=\"text-editor.default\">\n\t\t\t\t<div class=\"elementor-widget-container\">\n\t\t\t\t\t\t\t\t\t<p>Un profesional de la salud le informar\u00e1 si cumple con los criterios para la prueba. Llame a su m\u00e9dico antes de visitarlo si tiene alg\u00fan s\u00edntoma.<\/p>\t\t\t\t\t\t\t\t<\/div>\n\t\t\t\t<\/div>\n\t\t\t\t<div class=\"elementor-element elementor-element-1194b5f elementor-widget elementor-widget-text-editor\" data-id=\"1194b5f\" data-element_type=\"widget\" data-widget_type=\"text-editor.default\">\n\t\t\t\t<div class=\"elementor-widget-container\">\n\t\t\t\t\t\t\t\t\t<p>Informe a su profesional de la salud si ha viajado internacionalmente en los \u00faltimos 14 d\u00edas o si ha estado en contacto con un caso confirmado o probable.<\/p>\t\t\t\t\t\t\t\t<\/div>\n\t\t\t\t<\/div>\n\t\t\t\t<div class=\"elementor-element elementor-element-c9f2b1b elementor-widget elementor-widget-text-editor\" data-id=\"c9f2b1b\" data-element_type=\"widget\" data-widget_type=\"text-editor.default\">\n\t\t\t\t<div class=\"elementor-widget-container\">\n\t\t\t\t\t\t\t\t\t<p><strong>Mientras tenga s\u00edntomas<\/strong><\/p>\t\t\t\t\t\t\t\t<\/div>\n\t\t\t\t<\/div>\n\t\t\t\t<div class=\"elementor-element elementor-element-aaa9132 elementor-widget elementor-widget-text-editor\" data-id=\"aaa9132\" data-element_type=\"widget\" data-widget_type=\"text-editor.default\">\n\t\t\t\t<div class=\"elementor-widget-container\">\n\t\t\t\t\t\t\t\t\t<ul><li>Si est\u00e1 enfermo, qu\u00e9dese en casa. No vayas a trabajar. No socialices.<\/li><li>Si tiene s\u00edntomas de resfriado o gripe, llame a su m\u00e9dico oa la l\u00ednea directa de COVID-19 y verifique si debe hacerse la prueba.<\/li><li>L\u00e1vese las manos.<\/li><li>Estornude y tosa en su codo y desinfecte regularmente las superficies compartidas.<\/li><li>Si las autoridades sanitarias le dicen que se a\u00edsle, debe hacerlo de inmediato. Si est\u00e1 esperando los resultados de la prueba, tambi\u00e9n debe aislarse.<\/li><\/ul>\t\t\t\t\t\t\t\t<\/div>\n\t\t\t\t<\/div>\n\t\t\t\t<div class=\"elementor-element elementor-element-9a6f84d elementor-align-center elementor-widget elementor-widget-button\" data-id=\"9a6f84d\" data-element_type=\"widget\" data-widget_type=\"button.default\">\n\t\t\t\t<div class=\"elementor-widget-container\">\n\t\t\t\t\t\t\t\t\t<div class=\"elementor-button-wrapper\">\n\t\t\t\t\t<a class=\"elementor-button elementor-button-link elementor-size-md\" href=\"https:\/\/healthytogether.gov.bs\/es\/combatting-covid-19\/test-and-trace\/\">\n\t\t\t\t\t\t<span class=\"elementor-button-content-wrapper\">\n\t\t\t\t\t\t\t\t\t<span class=\"elementor-button-text\">M\u00e1s informaci\u00f3n sobre las pruebas de COVID-19<\/span>\n\t\t\t\t\t<\/span>\n\t\t\t\t\t<\/a>\n\t\t\t\t<\/div>\n\t\t\t\t\t\t\t\t<\/div>\n\t\t\t\t<\/div>\n\t\t\t\t\t<\/div>\n\t\t<\/div>\n\t\t\t\t\t<\/div>\n\t\t<\/section>\n\t\t\t\t<section class=\"elementor-section elementor-top-section elementor-element elementor-element-eb0e7f8 elementor-section-boxed elementor-section-height-default elementor-section-height-default\" data-id=\"eb0e7f8\" data-element_type=\"section\">\n\t\t\t\t\t\t<div class=\"elementor-container elementor-column-gap-default\">\n\t\t\t\t\t<div class=\"elementor-column elementor-col-100 elementor-top-column elementor-element elementor-element-7fd12f8\" data-id=\"7fd12f8\" data-element_type=\"column\">\n\t\t\t<div class=\"elementor-widget-wrap elementor-element-populated\">\n\t\t\t\t\t\t<div class=\"elementor-element elementor-element-d2dde47 elementor-widget elementor-widget-image\" data-id=\"d2dde47\" data-element_type=\"widget\" data-widget_type=\"image.default\">\n\t\t\t\t<div class=\"elementor-widget-container\">\n\t\t\t\t\t\t\t\t\t\t\t\t\t\t\t<img decoding=\"async\" width=\"640\" height=\"284\" src=\"https:\/\/healthytogether.gov.bs\/wp-content\/uploads\/2020\/10\/htb-selfquarantine-1024x455.jpg\" class=\"attachment-large size-large wp-image-689\" alt=\"\" srcset=\"https:\/\/healthytogether.gov.bs\/wp-content\/uploads\/2020\/10\/htb-selfquarantine-1024x455.jpg 1024w, https:\/\/healthytogether.gov.bs\/wp-content\/uploads\/2020\/10\/htb-selfquarantine-300x133.jpg 300w, https:\/\/healthytogether.gov.bs\/wp-content\/uploads\/2020\/10\/htb-selfquarantine-768x341.jpg 768w, https:\/\/healthytogether.gov.bs\/wp-content\/uploads\/2020\/10\/htb-selfquarantine-1536x683.jpg 1536w, https:\/\/healthytogether.gov.bs\/wp-content\/uploads\/2020\/10\/htb-selfquarantine-16x7.jpg 16w, https:\/\/healthytogether.gov.bs\/wp-content\/uploads\/2020\/10\/htb-selfquarantine.jpg 1800w\" sizes=\"(max-width: 640px) 100vw, 640px\" data-attachment-id=\"689\" data-permalink=\"https:\/\/healthytogether.gov.bs\/htb-selfquarantine-2\/\" data-orig-file=\"https:\/\/healthytogether.gov.bs\/wp-content\/uploads\/2020\/10\/htb-selfquarantine.jpg\" data-orig-size=\"1800,800\" data-comments-opened=\"0\" data-image-meta=\"{&quot;aperture&quot;:&quot;0&quot;,&quot;credit&quot;:&quot;&quot;,&quot;camera&quot;:&quot;&quot;,&quot;caption&quot;:&quot;&quot;,&quot;created_timestamp&quot;:&quot;0&quot;,&quot;copyright&quot;:&quot;&quot;,&quot;focal_length&quot;:&quot;0&quot;,&quot;iso&quot;:&quot;0&quot;,&quot;shutter_speed&quot;:&quot;0&quot;,&quot;title&quot;:&quot;&quot;,&quot;orientation&quot;:&quot;1&quot;}\" data-image-title=\"htb-selfquarantine\" data-image-description=\"\" data-image-caption=\"\" data-medium-file=\"https:\/\/healthytogether.gov.bs\/wp-content\/uploads\/2020\/10\/htb-selfquarantine-300x133.jpg\" data-large-file=\"https:\/\/healthytogether.gov.bs\/wp-content\/uploads\/2020\/10\/htb-selfquarantine-1024x455.jpg\" \/>\t\t\t\t\t\t\t\t\t\t\t\t\t\t\t<\/div>\n\t\t\t\t<\/div>\n\t\t\t\t\t<\/div>\n\t\t<\/div>\n\t\t\t\t\t<\/div>\n\t\t<\/section>\n\t\t\t\t<section class=\"elementor-section elementor-top-section elementor-element elementor-element-4b459656 elementor-section-boxed elementor-section-height-default elementor-section-height-default\" data-id=\"4b459656\" data-element_type=\"section\" id=\"pageSection-3\">\n\t\t\t\t\t\t<div class=\"elementor-container elementor-column-gap-default\">\n\t\t\t\t\t<div class=\"elementor-column elementor-col-100 elementor-top-column elementor-element elementor-element-37b6f057\" data-id=\"37b6f057\" data-element_type=\"column\">\n\t\t\t<div class=\"elementor-widget-wrap elementor-element-populated\">\n\t\t\t\t\t\t<div class=\"elementor-element elementor-element-113caaf5 elementor-widget elementor-widget-heading\" data-id=\"113caaf5\" data-element_type=\"widget\" data-widget_type=\"heading.default\">\n\t\t\t\t<div class=\"elementor-widget-container\">\n\t\t\t\t\t<h3 class=\"elementor-heading-title elementor-size-default\">COVID-19 se transmite por gotitas\n<\/h3>\t\t\t\t<\/div>\n\t\t\t\t<\/div>\n\t\t\t\t<div class=\"elementor-element elementor-element-33d5e5e0 elementor-widget elementor-widget-text-editor\" data-id=\"33d5e5e0\" data-element_type=\"widget\" data-widget_type=\"text-editor.default\">\n\t\t\t\t<div class=\"elementor-widget-container\">\n\t\t\t\t\t\t\t\t\t<p><strong>COVID-19 se transmite por gotitas de persona a persona, como la gripe.<\/strong> <\/p>\t\t\t\t\t\t\t\t<\/div>\n\t\t\t\t<\/div>\n\t\t\t\t<div class=\"elementor-element elementor-element-63bc21f5 elementor-widget elementor-widget-text-editor\" data-id=\"63bc21f5\" data-element_type=\"widget\" data-widget_type=\"text-editor.default\">\n\t\t\t\t<div class=\"elementor-widget-container\">\n\t\t\t\t\t\t\t\t\t<p>Las personas pueden contraer el virus a trav\u00e9s de los ojos, la nariz o la boca.<\/p>\t\t\t\t\t\t\t\t<\/div>\n\t\t\t\t<\/div>\n\t\t\t\t<div class=\"elementor-element elementor-element-a798e5d elementor-widget elementor-widget-text-editor\" data-id=\"a798e5d\" data-element_type=\"widget\" data-widget_type=\"text-editor.default\">\n\t\t\t\t<div class=\"elementor-widget-container\">\n\t\t\t\t\t\t\t\t\t<p>Cuando una persona infectada tose, estornuda o habla, puede esparcir gotitas que contienen el virus. Estas gotas son demasiado grandes para permanecer en el aire durante mucho tiempo, por lo que se depositan r\u00e1pidamente en las superficies circundantes.<\/p>\t\t\t\t\t\t\t\t<\/div>\n\t\t\t\t<\/div>\n\t\t\t\t<div class=\"elementor-element elementor-element-0a439b5 elementor-widget elementor-widget-text-editor\" data-id=\"0a439b5\" data-element_type=\"widget\" data-widget_type=\"text-editor.default\">\n\t\t\t\t<div class=\"elementor-widget-container\">\n\t\t\t\t\t\t\t\t\t<p>Las personas pueden infectarse con el virus si tocan esas superficies u objetos y luego se tocan la boca, la nariz o los ojos.<\/p>\t\t\t\t\t\t\t\t<\/div>\n\t\t\t\t<\/div>\n\t\t\t\t<div class=\"elementor-element elementor-element-84f4ee3 elementor-widget elementor-widget-text-editor\" data-id=\"84f4ee3\" data-element_type=\"widget\" data-widget_type=\"text-editor.default\">\n\t\t\t\t<div class=\"elementor-widget-container\">\n\t\t\t\t\t\t\t\t\t<p><strong>That is why it\u2019s really important to practise good hygiene at all times.<\/strong><\/p><ul><li>L\u00e1vese las manos con regularidad y s\u00e9queselas bien<\/li><li>Estornudar y toser en el codo.<\/li><li>Limpiar o desinfectar las superficies compartidas con regularidad<\/li><li>Si tiene s\u00edntomas de resfriado o gripe, qu\u00e9dese en casa y llame a su m\u00e9dico oa la l\u00ednea directa de COVID-19 al 511.<\/li><\/ul>\t\t\t\t\t\t\t\t<\/div>\n\t\t\t\t<\/div>\n\t\t\t\t\t<\/div>\n\t\t<\/div>\n\t\t\t\t\t<\/div>\n\t\t<\/section>\n\t\t\t\t<\/div>","protected":false},"excerpt":{"rendered":"<p>Test and Trace See the latest case data and information on how COVID-19 spreads: its symptoms, diagnosis, and contact tracing efforts. For a directory of COVID-19 testing sites click here.","protected":false},"author":1,"featured_media":0,"parent":51,"menu_order":0,"comment_status":"closed","ping_status":"closed","template":"elementor_header_footer","meta":{"footnotes":""},"class_list":["post-167","page","type-page","status-publish","hentry"],"jetpack_sharing_enabled":true,"_links":{"self":[{"href":"https:\/\/healthytogether.gov.bs\/es\/wp-json\/wp\/v2\/pages\/167","targetHints":{"allow":["GET"]}}],"collection":[{"href":"https:\/\/healthytogether.gov.bs\/es\/wp-json\/wp\/v2\/pages"}],"about":[{"href":"https:\/\/healthytogether.gov.bs\/es\/wp-json\/wp\/v2\/types\/page"}],"author":[{"embeddable":true,"href":"https:\/\/healthytogether.gov.bs\/es\/wp-json\/wp\/v2\/users\/1"}],"replies":[{"embeddable":true,"href":"https:\/\/healthytogether.gov.bs\/es\/wp-json\/wp\/v2\/comments?post=167"}],"version-history":[{"count":0,"href":"https:\/\/healthytogether.gov.bs\/es\/wp-json\/wp\/v2\/pages\/167\/revisions"}],"up":[{"embeddable":true,"href":"https:\/\/healthytogether.gov.bs\/es\/wp-json\/wp\/v2\/pages\/51"}],"wp:attachment":[{"href":"https:\/\/healthytogether.gov.bs\/es\/wp-json\/wp\/v2\/media?parent=167"}],"curies":[{"name":"wp","href":"https:\/\/api.w.org\/{rel}","templated":true}]}}